{"id":147909,"date":"2021-04-11T17:18:01","date_gmt":"2021-04-11T14:18:01","guid":{"rendered":"https:\/\/obviousbook.com\/?page_id=147909"},"modified":"2021-06-27T14:06:50","modified_gmt":"2021-06-27T11:06:50","slug":"contactenos","status":"publish","type":"page","link":"https:\/\/obviousbook.com\/es\/contactenos\/","title":{"rendered":"Cont\u00e1ctenos"},"content":{"rendered":"\t\t<div data-elementor-type=\"wp-post\" data-elementor-id=\"147909\" class=\"elementor elementor-147909 elementor-132770\">\n\t\t\t\t\t\t<section class=\"elementor-section elementor-top-section elementor-element elementor-element-3792b48 elementor-section-full_width elementor-section-height-default elementor-section-height-default\" data-id=\"3792b48\" data-element_type=\"section\" data-e-type=\"section\">\n\t\t\t\t\t\t<div class=\"elementor-container elementor-column-gap-no\">\n\t\t\t\t\t<div class=\"elementor-column elementor-col-100 elementor-top-column elementor-element elementor-element-ee7403f\" data-id=\"ee7403f\" data-element_type=\"column\" data-e-type=\"column\">\n\t\t\t<div class=\"elementor-widget-wrap elementor-element-populated\">\n\t\t\t\t\t\t<div class=\"elementor-element elementor-element-ec4e34e elementor-widget elementor-widget-google_map\" data-id=\"ec4e34e\" data-element_type=\"widget\" data-e-type=\"widget\" data-widget_type=\"google_map.default\">\n\t\t\t\t<div class=\"elementor-widget-container\">\n\t\t\t\t\t        <div class=\"map-container\">\n                            <div id=\"singleMapOSM69f382dc6a1dd\" class=\"singleMapOSM\" data-lat=\"40.627949\" data-lng=\"22.951222\" data-loc=\"Our office : Greece,Thessaloniki\" data-zoom=\"14\"><\/div>\n                    <\/div>\n        \t\t\t\t<\/div>\n\t\t\t\t<\/div>\n\t\t\t\t<div class=\"elementor-element elementor-element-2f4335c elementor-widget elementor-widget-text-editor\" data-id=\"2f4335c\" data-element_type=\"widget\" data-e-type=\"widget\" data-widget_type=\"text-editor.default\">\n\t\t\t\t<div class=\"elementor-widget-container\">\n\t\t\t\t\t\t\t\t\t<div class=\"map-view-wrap_item\"><div class=\"list-single-main-item-title fl-wrap\"><h3>Cont\u00e1ctenos<\/h3><\/div><div class=\"box-widget-list mar-top\"><ul class=\"clearfix\"><li><i class=\"fal fa-map-marker\"><\/i>Direcci\u00f3n: <a href=\"http:\/\/obviousbook.com\/%ce%b5%cf%80%ce%b9%ce%ba%ce%bf%ce%b9%ce%bd%cf%89%ce%bd%ce%af%ce%b1\/#\">Grecia, Sal\u00f3nica<\/a><i class=\"\"><\/i><\/li><li><i class=\"fal fa-envelope\"><\/i>Correo electr\u00f3nico: <a href=\"mailto:support@obviousbook.com\">support@obviousbook.com<\/a><\/li><li><i class=\"fal fa-browser\"><\/i>Sitio web: <a href=\"https:\/\/obviousbook.com\/\">obviousbook.com\u00a0<\/a><\/li><\/ul><\/div><\/div>\t\t\t\t\t\t\t\t<\/div>\n\t\t\t\t<\/div>\n\t\t\t\t\t<\/div>\n\t\t<\/div>\n\t\t\t\t\t<\/div>\n\t\t<\/section>\n\t\t\t\t<section class=\"elementor-section elementor-top-section elementor-element elementor-element-ff7b7e8 elementor-section-full_width elementor-section-height-default elementor-section-height-default\" data-id=\"ff7b7e8\" data-element_type=\"section\" data-e-type=\"section\">\n\t\t\t\t\t\t<div class=\"elementor-container elementor-column-gap-default\">\n\t\t\t\t\t<div class=\"elementor-column elementor-col-100 elementor-top-column elementor-element elementor-element-fba9a1b\" data-id=\"fba9a1b\" data-element_type=\"column\" data-e-type=\"column\">\n\t\t\t<div class=\"elementor-widget-wrap elementor-element-populated\">\n\t\t\t\t\t\t<div class=\"elementor-element elementor-element-57a5a41 elementor-widget elementor-widget-html\" data-id=\"57a5a41\" data-element_type=\"widget\" data-e-type=\"widget\" data-widget_type=\"html.default\">\n\t\t\t\t<div class=\"elementor-widget-container\">\n\t\t\t\t\t<div class=\"header-sec\">\n        <div class=\"container\">\n            <div id=\"breadcrumbs\" class=\"breadcrumbs fl-wrap \"><a class=\"breadcrumb-link breadcrumb-home\" href=\"http:\/\/easybook.cththemes.com\" title=\"Home\">Home<\/a><span class=\"breadcrumb-current breadcrumb-item-page-294\" title=\"Contact\">Contact<\/span><\/div>      \n         <\/div>\n    <\/div>\t\t\t\t<\/div>\n\t\t\t\t<\/div>\n\t\t\t\t\t<\/div>\n\t\t<\/div>\n\t\t\t\t\t<\/div>\n\t\t<\/section>\n\t\t\t\t<section class=\"elementor-section elementor-top-section elementor-element elementor-element-8501fa3 elementor-section-boxed elementor-section-height-default elementor-section-height-default\" data-id=\"8501fa3\" data-element_type=\"section\" data-e-type=\"section\" data-settings=\"{&quot;background_background&quot;:&quot;classic&quot;}\">\n\t\t\t\t\t\t<div class=\"elementor-container elementor-column-gap-default\">\n\t\t\t\t\t<div class=\"elementor-column elementor-col-100 elementor-top-column elementor-element elementor-element-3e28218\" data-id=\"3e28218\" data-element_type=\"column\" data-e-type=\"column\">\n\t\t\t<div class=\"elementor-widget-wrap elementor-element-populated\">\n\t\t\t\t\t\t<div class=\"elementor-element elementor-element-1bc5cb0 elementor-widget elementor-widget-section_titleleft\" data-id=\"1bc5cb0\" data-element_type=\"widget\" data-e-type=\"widget\" data-widget_type=\"section_titleleft.default\">\n\t\t\t\t<div class=\"elementor-widget-container\">\n\t\t\t\t\t        <div class=\"section-title-left fl-wrap\">\n            <h3>Nuestro equipo<\/h3> <span class=\"fw-separator\"><\/span>        <\/div>\n        \t\t\t\t<\/div>\n\t\t\t\t<\/div>\n\t\t\t\t<div class=\"elementor-element elementor-element-5f72f4e elementor-widget elementor-widget-text-editor\" data-id=\"5f72f4e\" data-element_type=\"widget\" data-e-type=\"widget\" data-widget_type=\"text-editor.default\">\n\t\t\t\t<div class=\"elementor-widget-container\">\n\t\t\t\t\t\t\t\t\t<p>Cont\u00e1ctenos Estamos aqu\u00ed 24 horas al d\u00eda, 7 d\u00edas a la semana para ayudarlo.<\/p>\t\t\t\t\t\t\t\t<\/div>\n\t\t\t\t<\/div>\n\t\t\t\t<div class=\"elementor-element elementor-element-8023d21 elementor-widget elementor-widget-html\" data-id=\"8023d21\" data-element_type=\"widget\" data-e-type=\"widget\" data-widget_type=\"html.default\">\n\t\t\t\t<div class=\"elementor-widget-container\">\n\t\t\t\t\t<span class=\"fw-separator\"><\/span>\t\t\t\t<\/div>\n\t\t\t\t<\/div>\n\t\t\t\t<div class=\"elementor-element elementor-element-f29b929 elementor-widget elementor-widget-section_titleleft\" data-id=\"f29b929\" data-element_type=\"widget\" data-e-type=\"widget\" data-widget_type=\"section_titleleft.default\">\n\t\t\t\t<div class=\"elementor-widget-container\">\n\t\t\t\t\t        <div class=\"section-title-left fl-wrap\">\n            <h3>Nuestro horario<\/h3><span class=\"fw-separator\"><\/span>        <\/div>\n        \t\t\t\t<\/div>\n\t\t\t\t<\/div>\n\t\t\t\t<div class=\"elementor-element elementor-element-8b63147 elementor-widget elementor-widget-html\" data-id=\"8b63147\" data-element_type=\"widget\" data-e-type=\"widget\" data-widget_type=\"html.default\">\n\t\t\t\t<div class=\"elementor-widget-container\">\n\t\t\t\t\t<ul class=\"cat-item\">\n                                            <li><a href=\"#\">Lunes domingo8a<\/a> <span>8a.m. - 12p.m.<\/span><\/li>\n                                           \n                                        <\/ul>\t\t\t\t<\/div>\n\t\t\t\t<\/div>\n\t\t\t\t\t<\/div>\n\t\t<\/div>\n\t\t\t\t\t<\/div>\n\t\t<\/section>\n\t\t\t\t<\/div>\n\t\t","protected":false},"excerpt":{"rendered":"<p>Cont\u00e1ctenos Direcci\u00f3n: Grecia, Sal\u00f3nica Correo electr\u00f3nico: support@obviousbook.com Sitio web: obviousbook.com\u00a0 HomeContact Nuestro equipo Cont\u00e1ctenos Estamos aqu\u00ed 24 horas al d\u00eda, 7 d\u00edas a la semana para ayudarlo. Nuestro horario Lunes domingo8a 8a.m. \u2013 12p.m.<\/p>\n","protected":false},"author":157738212,"featured_media":0,"parent":0,"menu_order":0,"comment_status":"closed","ping_status":"closed","template":"home-page.php","meta":{"_starter_page_template":"","_wpcom_template_layout_category":[],"footnotes":""},"class_list":["post-147909","page","type-page","status-publish","hentry"],"yoast_head":"<!-- This site is optimized with the Yoast SEO plugin v27.5 - https:\/\/yoast.com\/product\/yoast-seo-wordpress\/ -->\n<title>Cont\u00e1ctenos -<\/title>\n<meta name=\"robots\" content=\"index, follow, max-snippet:-1, max-image-preview:large, max-video-preview:-1\" \/>\n<link rel=\"canonical\" href=\"https:\/\/obviousbook.com\/es\/contactenos\/\" \/>\n<meta property=\"og:locale\" content=\"es_ES\" \/>\n<meta property=\"og:type\" content=\"article\" \/>\n<meta property=\"og:title\" content=\"Cont\u00e1ctenos -\" \/>\n<meta property=\"og:description\" content=\"Cont\u00e1ctenos Direcci\u00f3n: Grecia, Sal\u00f3nica Correo electr\u00f3nico: support@obviousbook.com Sitio web: obviousbook.com\u00a0 HomeContact Nuestro equipo Cont\u00e1ctenos Estamos aqu\u00ed 24 horas al d\u00eda, 7 d\u00edas a la semana para ayudarlo. Nuestro horario Lunes domingo8a 8a.m. \u2013 12p.m.\" \/>\n<meta property=\"og:url\" content=\"https:\/\/obviousbook.com\/es\/contactenos\/\" \/>\n<meta property=\"article:publisher\" content=\"https:\/\/www.facebook.com\/obviousbookcom\" \/>\n<meta property=\"article:modified_time\" content=\"2021-06-27T11:06:50+00:00\" \/>\n<meta name=\"twitter:card\" content=\"summary_large_image\" \/>\n<meta name=\"twitter:site\" content=\"@theobviousbook\" \/>\n<meta name=\"twitter:label1\" content=\"Tiempo de lectura\" \/>\n\t<meta name=\"twitter:data1\" content=\"1 minuto\" \/>\n<script type=\"application\/ld+json\" class=\"yoast-schema-graph\">{\"@context\":\"https:\\\/\\\/schema.org\",\"@graph\":[{\"@type\":\"WebPage\",\"@id\":\"https:\\\/\\\/obviousbook.com\\\/es\\\/contactenos\\\/\",\"url\":\"https:\\\/\\\/obviousbook.com\\\/es\\\/contactenos\\\/\",\"name\":\"Cont\u00e1ctenos -\",\"isPartOf\":{\"@id\":\"https:\\\/\\\/obviousbook.com\\\/#website\"},\"datePublished\":\"2021-04-11T14:18:01+00:00\",\"dateModified\":\"2021-06-27T11:06:50+00:00\",\"breadcrumb\":{\"@id\":\"https:\\\/\\\/obviousbook.com\\\/es\\\/contactenos\\\/#breadcrumb\"},\"inLanguage\":\"es\",\"potentialAction\":[{\"@type\":\"ReadAction\",\"target\":[\"https:\\\/\\\/obviousbook.com\\\/es\\\/contactenos\\\/\"]}]},{\"@type\":\"BreadcrumbList\",\"@id\":\"https:\\\/\\\/obviousbook.com\\\/es\\\/contactenos\\\/#breadcrumb\",\"itemListElement\":[{\"@type\":\"ListItem\",\"position\":1,\"name\":\"Home\",\"item\":\"https:\\\/\\\/obviousbook.com\\\/es\\\/\"},{\"@type\":\"ListItem\",\"position\":2,\"name\":\"Cont\u00e1ctenos\"}]},{\"@type\":\"WebSite\",\"@id\":\"https:\\\/\\\/obviousbook.com\\\/#website\",\"url\":\"https:\\\/\\\/obviousbook.com\\\/\",\"name\":\"\",\"description\":\"a travel agency\",\"publisher\":{\"@id\":\"https:\\\/\\\/obviousbook.com\\\/#organization\"},\"potentialAction\":[{\"@type\":\"SearchAction\",\"target\":{\"@type\":\"EntryPoint\",\"urlTemplate\":\"https:\\\/\\\/obviousbook.com\\\/?s={search_term_string}\"},\"query-input\":{\"@type\":\"PropertyValueSpecification\",\"valueRequired\":true,\"valueName\":\"search_term_string\"}}],\"inLanguage\":\"es\"},{\"@type\":\"Organization\",\"@id\":\"https:\\\/\\\/obviousbook.com\\\/#organization\",\"name\":\"Obvious book\",\"url\":\"https:\\\/\\\/obviousbook.com\\\/\",\"logo\":{\"@type\":\"ImageObject\",\"inLanguage\":\"es\",\"@id\":\"https:\\\/\\\/obviousbook.com\\\/#\\\/schema\\\/logo\\\/image\\\/\",\"url\":\"\",\"contentUrl\":\"\",\"caption\":\"Obvious book\"},\"image\":{\"@id\":\"https:\\\/\\\/obviousbook.com\\\/#\\\/schema\\\/logo\\\/image\\\/\"},\"sameAs\":[\"https:\\\/\\\/www.facebook.com\\\/obviousbookcom\",\"https:\\\/\\\/x.com\\\/theobviousbook\",\"https:\\\/\\\/www.instagram.com\\\/obviousbookcom\\\/\"]}]}<\/script>\n<!-- \/ Yoast SEO plugin. -->","yoast_head_json":{"title":"Cont\u00e1ctenos -","robots":{"index":"index","follow":"follow","max-snippet":"max-snippet:-1","max-image-preview":"max-image-preview:large","max-video-preview":"max-video-preview:-1"},"canonical":"https:\/\/obviousbook.com\/es\/contactenos\/","og_locale":"es_ES","og_type":"article","og_title":"Cont\u00e1ctenos -","og_description":"Cont\u00e1ctenos Direcci\u00f3n: Grecia, Sal\u00f3nica Correo electr\u00f3nico: support@obviousbook.com Sitio web: obviousbook.com\u00a0 HomeContact Nuestro equipo Cont\u00e1ctenos Estamos aqu\u00ed 24 horas al d\u00eda, 7 d\u00edas a la semana para ayudarlo. Nuestro horario Lunes domingo8a 8a.m. \u2013 12p.m.","og_url":"https:\/\/obviousbook.com\/es\/contactenos\/","article_publisher":"https:\/\/www.facebook.com\/obviousbookcom","article_modified_time":"2021-06-27T11:06:50+00:00","twitter_card":"summary_large_image","twitter_site":"@theobviousbook","twitter_misc":{"Tiempo de lectura":"1 minuto"},"schema":{"@context":"https:\/\/schema.org","@graph":[{"@type":"WebPage","@id":"https:\/\/obviousbook.com\/es\/contactenos\/","url":"https:\/\/obviousbook.com\/es\/contactenos\/","name":"Cont\u00e1ctenos -","isPartOf":{"@id":"https:\/\/obviousbook.com\/#website"},"datePublished":"2021-04-11T14:18:01+00:00","dateModified":"2021-06-27T11:06:50+00:00","breadcrumb":{"@id":"https:\/\/obviousbook.com\/es\/contactenos\/#breadcrumb"},"inLanguage":"es","potentialAction":[{"@type":"ReadAction","target":["https:\/\/obviousbook.com\/es\/contactenos\/"]}]},{"@type":"BreadcrumbList","@id":"https:\/\/obviousbook.com\/es\/contactenos\/#breadcrumb","itemListElement":[{"@type":"ListItem","position":1,"name":"Home","item":"https:\/\/obviousbook.com\/es\/"},{"@type":"ListItem","position":2,"name":"Cont\u00e1ctenos"}]},{"@type":"WebSite","@id":"https:\/\/obviousbook.com\/#website","url":"https:\/\/obviousbook.com\/","name":"","description":"a travel agency","publisher":{"@id":"https:\/\/obviousbook.com\/#organization"},"potentialAction":[{"@type":"SearchAction","target":{"@type":"EntryPoint","urlTemplate":"https:\/\/obviousbook.com\/?s={search_term_string}"},"query-input":{"@type":"PropertyValueSpecification","valueRequired":true,"valueName":"search_term_string"}}],"inLanguage":"es"},{"@type":"Organization","@id":"https:\/\/obviousbook.com\/#organization","name":"Obvious book","url":"https:\/\/obviousbook.com\/","logo":{"@type":"ImageObject","inLanguage":"es","@id":"https:\/\/obviousbook.com\/#\/schema\/logo\/image\/","url":"","contentUrl":"","caption":"Obvious book"},"image":{"@id":"https:\/\/obviousbook.com\/#\/schema\/logo\/image\/"},"sameAs":["https:\/\/www.facebook.com\/obviousbookcom","https:\/\/x.com\/theobviousbook","https:\/\/www.instagram.com\/obviousbookcom\/"]}]}},"_links":{"self":[{"href":"https:\/\/obviousbook.com\/es\/wp-json\/wp\/v2\/pages\/147909","targetHints":{"allow":["GET"]}}],"collection":[{"href":"https:\/\/obviousbook.com\/es\/wp-json\/wp\/v2\/pages"}],"about":[{"href":"https:\/\/obviousbook.com\/es\/wp-json\/wp\/v2\/types\/page"}],"author":[{"embeddable":true,"href":"https:\/\/obviousbook.com\/es\/wp-json\/wp\/v2\/users\/157738212"}],"replies":[{"embeddable":true,"href":"https:\/\/obviousbook.com\/es\/wp-json\/wp\/v2\/comments?post=147909"}],"version-history":[{"count":0,"href":"https:\/\/obviousbook.com\/es\/wp-json\/wp\/v2\/pages\/147909\/revisions"}],"wp:attachment":[{"href":"https:\/\/obviousbook.com\/es\/wp-json\/wp\/v2\/media?parent=147909"}],"curies":[{"name":"wp","href":"https:\/\/api.w.org\/{rel}","templated":true}]}}