{"id":154834,"date":"2021-04-21T13:53:46","date_gmt":"2021-04-21T10:53:46","guid":{"rendered":"https:\/\/obviousbook.com\/?page_id=154834"},"modified":"2021-06-05T17:39:20","modified_gmt":"2021-06-05T14:39:20","slug":"hotels","status":"publish","type":"page","link":"https:\/\/obviousbook.com\/es\/hotels\/","title":{"rendered":"Hoteles hoteles"},"content":{"rendered":"<p><html><body><\/p>\n<h1 style=\"text-align: center;\">Hoteles baratos<\/h1>\n<p>Hoteles baratos a trav\u00e9s de Grecia desde obviousbook \u00bfDesea encontrar la mejor opci\u00f3n posible en su hotel y siempre con calidad de precio? \u00bfEst\u00e1 buscando horas infinitas y usted no encuentra el hotel que desea o el precio que lo desea?<a href=\"https:\/\/obviousbook.com\">Ovievokoko<\/a>\u00a1Est\u00e1 aqu\u00ed para ti!<a href=\"https:\/\/obviousbook.com\/\">Obtener ahora<\/a>Alojamiento con un libro obvio y reserve el alojamiento deseado! Solo los mejores hoteles y precios m\u00e1s bajos en obviiousbookcom  \u00bfTiene la intenci\u00f3n de pasar sus vacaciones en Grecia y le gustar\u00eda que sus vacaciones se mantengan inolvidables? Quieres reservar habitaciones baratas, pero en la mejor opci\u00f3n posible Porque solo el libro obviovio solo le proporciona los mejores precios posibles en todas las reservas de hotel que har\u00e1 en l\u00ednea  Navegar por la plataforma de reserva renovada<a href=\"https:\/\/el.wikipedia.org\/wiki\/%CE%9E%CE%B5%CE%BD%CE%BF%CE%B4%CE%BF%CF%87%CE%B5%CE%AF%CE%BF\">hotel<\/a>Libro obvio y cierre el hotel de su elecci\u00f3n de manera f\u00e1cil y r\u00e1pida \u00a1Las opciones son innumerables y \u00fanicos destinos! No espere mientras pierde nuestras \u00faltimas ofertas En hoteles baratos, alojamiento, habitaciones para que la elecci\u00f3n ahora!<\/p>\n<p>Puede localizar y cerrar el hotel o alojamiento ideal para usted a trav\u00e9s de los filtros o categor\u00edas, siempre en funci\u00f3n de sus propios criterios directa y con seguridad Pero para que su sitio web sea m\u00e1s f\u00e1cil de navegar en nuestro sitio web, cre\u00f3 mapas en los que los hoteles y alojamientos han sido deseables para usted en Grecia As\u00ed que no pasar\u00e1 tiempo y lo encontrar\u00e1 directamente en la opci\u00f3n ideal para usted Adem\u00e1s, puede encontrar el alojamiento deseado directamente en la b\u00fasqueda en funci\u00f3n de su nombre o categor\u00eda<\/p>\n<p>En obviousbookcom siempre reservar\u00e1s de forma segura y confidencial sin dificultad Nuestra plataforma fue hecha exclusivamente para personas como t\u00fa que desean hacerla r\u00e1pida, f\u00e1cilmente, al mejor precio posible<\/p>\n<p>Todo lo que obviousBookcom puede estar seguro de decirle que las vacaciones en Grecia ser\u00e1n fant\u00e1sticas, ya sea que permanezca en Grecia o venga del extranjero<\/p>\n<p>[Caption ID = \u00abAdjuntar_136622\u00bb align = \u00abaligncenter\u00bb ancho = \u00ab1024\u00bb]<img fetchpriority=\"high\" decoding=\"async\" alt=\"\u039e\u03b5\u03bd\u03bf\u03b4\u03bf\u03c7\u03b5\u03af\u03bf.\u039e\u03b5\u03bd\u03bf\u03b4\u03bf\u03c7\u03b5\u03af\u03b1,\u039a\u03b1\u03c4\u03b1\u03bb\u03cd\u03bc\u03b1\u03c4\u03b1, \u039a\u03c1\u03b1\u03c4\u03ae\u03c3\u03b5\u03b9\u03c2 \u03be\u03b5\u03bd\u03bf\u03b4\u03bf\u03c7\u03b5\u03af\u03c9\u03bd \u03c3\u03c4\u03b7\u03bd \u0395\u03bb\u03bb\u03ac\u03b4\u03b1.\u0392\u03c1\u03b5\u03af\u03c4\u03b5 \u039e\u03b5\u03bd\u03bf\u03b4\u03bf\u03c7\u03b5\u03af\u03b1 \u03c3\u03c4\u03b7\u03bd \u0395\u03bb\u03bb\u03ac\u03b4\u03b1 .\u039a\u03ac\u03bd\u03c4\u03b5 \u0395\u03bd\u03bf\u03b9\u03ba\u03af\u03b1\u03c3\u03b7 \u03b4\u03c9\u03bc\u03b1\u03c4\u03af\u03bf\u03c5 online \u03ba\u03b1\u03b9 \u03c6\u03b8\u03b7\u03bd\u03ac.\u039a\u03ac\u03bd\u03c4\u03b5 \u03c4\u03ce\u03c1\u03b1 \u03ba\u03c1\u03ac\u03c4\u03b7\u03c3\u03b7 \u03c3\u03b5 ,\u039a\u03b1\u03c4\u03b1\u03bb\u03cd\u03bc\u03b1\u03c4\u03b1,\u039e\u03b5\u03bd\u03ce\u03bd\u03b5\u03c2,\u0395\u03bd\u03bf\u03b9\u03ba\u03b9\u03b1\u03b6\u03cc\u03bc\u03b5\u03bd\u03b1 \u03b4\u03c9\u03bc\u03ac\u03c4\u03b9\u03b1 \u03bc\u03ad\u03c3\u03c9 \u03c4\u03b7\u03c2 obviousbook.\u039c\u03bf\u03bd\u03b1\u03b4\u03b9\u03ba\u03ad\u03c2 \u03c4\u03b9\u03bc\u03ad\u03c2 \u03ba\u03b1\u03b9 \u03c0\u03c1\u03bf\u03c3\u03c6\u03bf\u03c1\u03ad\u03c2.\u039a\u03c1\u03b1\u03c4\u03ae\u03c3\u03b5\u03b9\u03c2 \u039e\u03b5\u03bd\u03bf\u03b4\u03bf\u03c7\u03b5\u03af\u03c9\u03bd,\u039e\u03b5\u03bd\u03bf\u03b4\u03bf\u03c7\u03b5\u03af\u03b1 \u0395\u03bb\u03bb\u03ac\u03b4\u03b1\" class=\"wp-image-336323 size-full\" height=\"684\" src=\"https:\/\/obviousbook.com\/wp-content\/uploads\/2020\/12\/\u039e\u03b5\u03bd\u03bf\u03b4\u03bf\u03c7\u03b5\u03af\u03b1-\u0395\u03bb\u03bb\u03ac\u03b4\u03b1-\u0395\u03bd\u03bf\u03b9\u03ba\u03af\u03b1\u03c3\u03b7-\u03b4\u03c9\u03bc\u03b1\u03c4\u03af\u03bf\u03c5-\u039a\u03c1\u03b1\u03c4\u03ae\u03c3\u03b5\u03b9\u03c2-\u03be\u03b5\u03bd\u03bf\u03b4\u03bf\u03c7\u03b5\u03af\u03c9\u03bd-\u039e\u03b5\u03bd\u03bf\u03b4\u03bf\u03c7\u03b5\u03af\u03b1-\u039a\u03b1\u03c4\u03b1\u03bb\u03cd\u03bc\u03b1\u03c4\u03b1.jpg\" width=\"1024\"\/>Reserve ahora en hoteles, alojamiento, casas de hu\u00e9spedes, habitaciones para alquilar, estudios a trav\u00e9s de obviousbookcom Precios \u00fanicos y ofertas en todas las reservas de hotel Habitaci\u00f3n a trav\u00e9s de obviousbookcom [\/ leyenda]<\/body><\/html><\/p>\n","protected":false},"excerpt":{"rendered":"<p>Hoteles baratos Hoteles baratos a trav\u00e9s de Grecia desde obviousbook \u00bfDesea encontrar la mejor opci\u00f3n posible en su hotel y siempre con calidad de precio? \u00bfEst\u00e1 buscando horas infinitas y usted no encuentra el hotel que desea o el precio que lo desea?Ovievokoko\u00a1Est\u00e1 aqu\u00ed para ti!Obtener ahoraAlojamiento con un libro obvio y reserve el alojamiento &hellip; <\/p>\n","protected":false},"author":157738212,"featured_media":0,"parent":0,"menu_order":0,"comment_status":"closed","ping_status":"closed","template":"","meta":{"_starter_page_template":"","_wpcom_template_layout_category":[],"footnotes":""},"class_list":["post-154834","page","type-page","status-publish","hentry"],"yoast_head":"<!-- This site is optimized with the Yoast SEO plugin v27.5 - https:\/\/yoast.com\/product\/yoast-seo-wordpress\/ -->\n<title>Barato en Grecia - T\u00e9rminos y descuentos en la habitaci\u00f3n<\/title>\n<meta name=\"description\" content=\"Hoteles baratos, ofertas en todas las habitaciones, Grecia Hizo un hotel con incre\u00edbles descuentos a trav\u00e9s de obviousbookcom\" \/>\n<meta name=\"robots\" content=\"index, follow, max-snippet:-1, max-image-preview:large, max-video-preview:-1\" \/>\n<link rel=\"canonical\" href=\"https:\/\/obviousbook.com\/es\/hotels\/\" \/>\n<meta property=\"og:locale\" content=\"es_ES\" \/>\n<meta property=\"og:type\" content=\"article\" \/>\n<meta property=\"og:title\" content=\"Barato en Grecia - T\u00e9rminos y descuentos en la habitaci\u00f3n\" \/>\n<meta property=\"og:description\" content=\"Hoteles baratos, ofertas en todas las habitaciones, Grecia Hizo un hotel con incre\u00edbles descuentos a trav\u00e9s de obviousbookcom\" \/>\n<meta property=\"og:url\" content=\"https:\/\/obviousbook.com\/es\/hotels\/\" \/>\n<meta property=\"article:publisher\" content=\"https:\/\/www.facebook.com\/obviousbookcom\" \/>\n<meta property=\"article:modified_time\" content=\"2021-06-05T14:39:20+00:00\" \/>\n<meta property=\"og:image\" content=\"https:\/\/obviousbook.com\/wp-content\/uploads\/2021\/08\/\u039e\u03b5\u03bd\u03bf\u03b4\u03bf\u03c7\u03b5\u03af\u03b1-\u039a\u03c1\u03ac\u03c4\u03b7\u03c3\u03b5\u03b9\u03c2-\u039a\u03b1\u03c4\u03b1\u03bb\u03cd\u03bc\u03b1\u03c4\u03b1-\u0395\u03bb\u03bb\u03ac\u03b4\u03b1-\u0394\u03b9\u03b1\u03bc\u03bf\u03bd\u03ae-\u039e\u03b5\u03bd\u03ce\u03bd\u03b5\u03c2-\u03a3\u03c4\u03bf\u03cd\u03bd\u03c4\u03b9\u03bf-\u0394\u03c9\u03bc\u03ac\u03c4\u03b9\u03b1-\u0395\u03bd\u03bf\u03b9\u03ba\u03b9\u03ac\u03c3\u03b5\u03b9\u03c2-\u0394\u03b9\u03b1\u03bc\u03b5\u03c1\u03af\u03c3\u03bc\u03b1\u03c4\u03b1-BnB-\u0392\u03af\u03bb\u03b5\u03c2-2.jpg\" \/>\n\t<meta property=\"og:image:width\" content=\"1920\" \/>\n\t<meta property=\"og:image:height\" content=\"1277\" \/>\n\t<meta property=\"og:image:type\" content=\"image\/jpeg\" \/>\n<meta name=\"twitter:card\" content=\"summary_large_image\" \/>\n<meta name=\"twitter:site\" content=\"@theobviousbook\" \/>\n<meta name=\"twitter:label1\" content=\"Tiempo de lectura\" \/>\n\t<meta name=\"twitter:data1\" content=\"2 minutos\" \/>\n<script type=\"application\/ld+json\" class=\"yoast-schema-graph\">{\"@context\":\"https:\\\/\\\/schema.org\",\"@graph\":[{\"@type\":\"WebPage\",\"@id\":\"https:\\\/\\\/obviousbook.com\\\/es\\\/hotels\\\/\",\"url\":\"https:\\\/\\\/obviousbook.com\\\/es\\\/hotels\\\/\",\"name\":\"Barato en Grecia - T\u00e9rminos y descuentos en la habitaci\u00f3n\",\"isPartOf\":{\"@id\":\"https:\\\/\\\/obviousbook.com\\\/#website\"},\"datePublished\":\"2021-04-21T10:53:46+00:00\",\"dateModified\":\"2021-06-05T14:39:20+00:00\",\"description\":\"Hoteles baratos, ofertas en todas las habitaciones, Grecia Hizo un hotel con incre\u00edbles descuentos a trav\u00e9s de obviousbookcom\",\"breadcrumb\":{\"@id\":\"https:\\\/\\\/obviousbook.com\\\/es\\\/hotels\\\/#breadcrumb\"},\"inLanguage\":\"es\",\"potentialAction\":[{\"@type\":\"ReadAction\",\"target\":[\"https:\\\/\\\/obviousbook.com\\\/es\\\/hotels\\\/\"]}]},{\"@type\":\"BreadcrumbList\",\"@id\":\"https:\\\/\\\/obviousbook.com\\\/es\\\/hotels\\\/#breadcrumb\",\"itemListElement\":[{\"@type\":\"ListItem\",\"position\":1,\"name\":\"Home\",\"item\":\"https:\\\/\\\/obviousbook.com\\\/es\\\/\"},{\"@type\":\"ListItem\",\"position\":2,\"name\":\"Hoteles hoteles\"}]},{\"@type\":\"WebSite\",\"@id\":\"https:\\\/\\\/obviousbook.com\\\/#website\",\"url\":\"https:\\\/\\\/obviousbook.com\\\/\",\"name\":\"\",\"description\":\"a travel agency\",\"publisher\":{\"@id\":\"https:\\\/\\\/obviousbook.com\\\/#organization\"},\"potentialAction\":[{\"@type\":\"SearchAction\",\"target\":{\"@type\":\"EntryPoint\",\"urlTemplate\":\"https:\\\/\\\/obviousbook.com\\\/?s={search_term_string}\"},\"query-input\":{\"@type\":\"PropertyValueSpecification\",\"valueRequired\":true,\"valueName\":\"search_term_string\"}}],\"inLanguage\":\"es\"},{\"@type\":\"Organization\",\"@id\":\"https:\\\/\\\/obviousbook.com\\\/#organization\",\"name\":\"Obvious book\",\"url\":\"https:\\\/\\\/obviousbook.com\\\/\",\"logo\":{\"@type\":\"ImageObject\",\"inLanguage\":\"es\",\"@id\":\"https:\\\/\\\/obviousbook.com\\\/#\\\/schema\\\/logo\\\/image\\\/\",\"url\":\"\",\"contentUrl\":\"\",\"caption\":\"Obvious book\"},\"image\":{\"@id\":\"https:\\\/\\\/obviousbook.com\\\/#\\\/schema\\\/logo\\\/image\\\/\"},\"sameAs\":[\"https:\\\/\\\/www.facebook.com\\\/obviousbookcom\",\"https:\\\/\\\/x.com\\\/theobviousbook\",\"https:\\\/\\\/www.instagram.com\\\/obviousbookcom\\\/\"]}]}<\/script>\n<!-- \/ Yoast SEO plugin. -->","yoast_head_json":{"title":"Barato en Grecia - T\u00e9rminos y descuentos en la habitaci\u00f3n","description":"Hoteles baratos, ofertas en todas las habitaciones, Grecia Hizo un hotel con incre\u00edbles descuentos a trav\u00e9s de obviousbookcom","robots":{"index":"index","follow":"follow","max-snippet":"max-snippet:-1","max-image-preview":"max-image-preview:large","max-video-preview":"max-video-preview:-1"},"canonical":"https:\/\/obviousbook.com\/es\/hotels\/","og_locale":"es_ES","og_type":"article","og_title":"Barato en Grecia - T\u00e9rminos y descuentos en la habitaci\u00f3n","og_description":"Hoteles baratos, ofertas en todas las habitaciones, Grecia Hizo un hotel con incre\u00edbles descuentos a trav\u00e9s de obviousbookcom","og_url":"https:\/\/obviousbook.com\/es\/hotels\/","article_publisher":"https:\/\/www.facebook.com\/obviousbookcom","article_modified_time":"2021-06-05T14:39:20+00:00","og_image":[{"width":1920,"height":1277,"url":"https:\/\/obviousbook.com\/wp-content\/uploads\/2021\/08\/\u039e\u03b5\u03bd\u03bf\u03b4\u03bf\u03c7\u03b5\u03af\u03b1-\u039a\u03c1\u03ac\u03c4\u03b7\u03c3\u03b5\u03b9\u03c2-\u039a\u03b1\u03c4\u03b1\u03bb\u03cd\u03bc\u03b1\u03c4\u03b1-\u0395\u03bb\u03bb\u03ac\u03b4\u03b1-\u0394\u03b9\u03b1\u03bc\u03bf\u03bd\u03ae-\u039e\u03b5\u03bd\u03ce\u03bd\u03b5\u03c2-\u03a3\u03c4\u03bf\u03cd\u03bd\u03c4\u03b9\u03bf-\u0394\u03c9\u03bc\u03ac\u03c4\u03b9\u03b1-\u0395\u03bd\u03bf\u03b9\u03ba\u03b9\u03ac\u03c3\u03b5\u03b9\u03c2-\u0394\u03b9\u03b1\u03bc\u03b5\u03c1\u03af\u03c3\u03bc\u03b1\u03c4\u03b1-BnB-\u0392\u03af\u03bb\u03b5\u03c2-2.jpg","type":"image\/jpeg"}],"twitter_card":"summary_large_image","twitter_site":"@theobviousbook","twitter_misc":{"Tiempo de lectura":"2 minutos"},"schema":{"@context":"https:\/\/schema.org","@graph":[{"@type":"WebPage","@id":"https:\/\/obviousbook.com\/es\/hotels\/","url":"https:\/\/obviousbook.com\/es\/hotels\/","name":"Barato en Grecia - T\u00e9rminos y descuentos en la habitaci\u00f3n","isPartOf":{"@id":"https:\/\/obviousbook.com\/#website"},"datePublished":"2021-04-21T10:53:46+00:00","dateModified":"2021-06-05T14:39:20+00:00","description":"Hoteles baratos, ofertas en todas las habitaciones, Grecia Hizo un hotel con incre\u00edbles descuentos a trav\u00e9s de obviousbookcom","breadcrumb":{"@id":"https:\/\/obviousbook.com\/es\/hotels\/#breadcrumb"},"inLanguage":"es","potentialAction":[{"@type":"ReadAction","target":["https:\/\/obviousbook.com\/es\/hotels\/"]}]},{"@type":"BreadcrumbList","@id":"https:\/\/obviousbook.com\/es\/hotels\/#breadcrumb","itemListElement":[{"@type":"ListItem","position":1,"name":"Home","item":"https:\/\/obviousbook.com\/es\/"},{"@type":"ListItem","position":2,"name":"Hoteles hoteles"}]},{"@type":"WebSite","@id":"https:\/\/obviousbook.com\/#website","url":"https:\/\/obviousbook.com\/","name":"","description":"a travel agency","publisher":{"@id":"https:\/\/obviousbook.com\/#organization"},"potentialAction":[{"@type":"SearchAction","target":{"@type":"EntryPoint","urlTemplate":"https:\/\/obviousbook.com\/?s={search_term_string}"},"query-input":{"@type":"PropertyValueSpecification","valueRequired":true,"valueName":"search_term_string"}}],"inLanguage":"es"},{"@type":"Organization","@id":"https:\/\/obviousbook.com\/#organization","name":"Obvious book","url":"https:\/\/obviousbook.com\/","logo":{"@type":"ImageObject","inLanguage":"es","@id":"https:\/\/obviousbook.com\/#\/schema\/logo\/image\/","url":"","contentUrl":"","caption":"Obvious book"},"image":{"@id":"https:\/\/obviousbook.com\/#\/schema\/logo\/image\/"},"sameAs":["https:\/\/www.facebook.com\/obviousbookcom","https:\/\/x.com\/theobviousbook","https:\/\/www.instagram.com\/obviousbookcom\/"]}]}},"_links":{"self":[{"href":"https:\/\/obviousbook.com\/es\/wp-json\/wp\/v2\/pages\/154834","targetHints":{"allow":["GET"]}}],"collection":[{"href":"https:\/\/obviousbook.com\/es\/wp-json\/wp\/v2\/pages"}],"about":[{"href":"https:\/\/obviousbook.com\/es\/wp-json\/wp\/v2\/types\/page"}],"author":[{"embeddable":true,"href":"https:\/\/obviousbook.com\/es\/wp-json\/wp\/v2\/users\/157738212"}],"replies":[{"embeddable":true,"href":"https:\/\/obviousbook.com\/es\/wp-json\/wp\/v2\/comments?post=154834"}],"version-history":[{"count":0,"href":"https:\/\/obviousbook.com\/es\/wp-json\/wp\/v2\/pages\/154834\/revisions"}],"wp:attachment":[{"href":"https:\/\/obviousbook.com\/es\/wp-json\/wp\/v2\/media?parent=154834"}],"curies":[{"name":"wp","href":"https:\/\/api.w.org\/{rel}","templated":true}]}}