{"id":147857,"date":"2021-04-11T16:27:11","date_gmt":"2021-04-11T13:27:11","guid":{"rendered":"https:\/\/obviousbook.com\/?page_id=147857"},"modified":"2021-04-11T16:35:43","modified_gmt":"2021-04-11T13:35:43","slug":"skontaktuj-sie-z-nami","status":"publish","type":"page","link":"https:\/\/obviousbook.com\/pl\/skontaktuj-sie-z-nami\/","title":{"rendered":"Skontaktuj si\u0119 z nami"},"content":{"rendered":"\t\t<div data-elementor-type=\"wp-post\" data-elementor-id=\"147857\" class=\"elementor elementor-147857 elementor-147832\">\n\t\t\t\t\t\t<section class=\"elementor-section elementor-top-section elementor-element elementor-element-3792b48 elementor-section-full_width elementor-section-height-default elementor-section-height-default\" data-id=\"3792b48\" data-element_type=\"section\" data-e-type=\"section\">\n\t\t\t\t\t\t<div class=\"elementor-container elementor-column-gap-no\">\n\t\t\t\t\t<div class=\"elementor-column elementor-col-100 elementor-top-column elementor-element elementor-element-ee7403f\" data-id=\"ee7403f\" data-element_type=\"column\" data-e-type=\"column\">\n\t\t\t<div class=\"elementor-widget-wrap elementor-element-populated\">\n\t\t\t\t\t\t<div class=\"elementor-element elementor-element-ec4e34e elementor-widget elementor-widget-google_map\" data-id=\"ec4e34e\" data-element_type=\"widget\" data-e-type=\"widget\" data-widget_type=\"google_map.default\">\n\t\t\t\t<div class=\"elementor-widget-container\">\n\t\t\t\t\t        <div class=\"map-container\">\n                            <div id=\"singleMapOSM69e799893dc5b\" class=\"singleMapOSM\" data-lat=\"40.627949\" data-lng=\"22.951222\" data-loc=\"Our office : Greece,Thessaloniki\" data-zoom=\"14\"><\/div>\n                    <\/div>\n        \t\t\t\t<\/div>\n\t\t\t\t<\/div>\n\t\t\t\t<div class=\"elementor-element elementor-element-2f4335c elementor-widget elementor-widget-text-editor\" data-id=\"2f4335c\" data-element_type=\"widget\" data-e-type=\"widget\" data-widget_type=\"text-editor.default\">\n\t\t\t\t<div class=\"elementor-widget-container\">\n\t\t\t\t\t\t\t\t\t<div class=\"map-view-wrap_item\"><div class=\"list-single-main-item-title fl-wrap\"><h3>Skontaktuj si\u0119 z nami<\/h3><\/div><div class=\"box-widget-list mar-top\"><ul class=\"clearfix\"><li><i class=\"fal fa-map-marker\"><\/i>Adres: <a href=\"http:\/\/obviousbook.com\/%ce%b5%cf%80%ce%b9%ce%ba%ce%bf%ce%b9%ce%bd%cf%89%ce%bd%ce%af%ce%b1\/#\">Grecja, Saloniki<\/a><i class=\"\"><\/i><\/li><li><i class=\"fal fa-envelope\"><\/i>E-mail: <a href=\"mailto:obviousbookcom@gmail.com\">obviousbookcom@gmail.com<\/a><\/li><li><i class=\"fal fa-browser\"><\/i>Strona internetowa: <a href=\"https:\/\/obviousbook.com\/\">obviousbook.com\u00a0<\/a><\/li><\/ul><\/div><\/div>\t\t\t\t\t\t\t\t<\/div>\n\t\t\t\t<\/div>\n\t\t\t\t\t<\/div>\n\t\t<\/div>\n\t\t\t\t\t<\/div>\n\t\t<\/section>\n\t\t\t\t<section class=\"elementor-section elementor-top-section elementor-element elementor-element-ff7b7e8 elementor-section-full_width elementor-section-height-default elementor-section-height-default\" data-id=\"ff7b7e8\" data-element_type=\"section\" data-e-type=\"section\">\n\t\t\t\t\t\t<div class=\"elementor-container elementor-column-gap-default\">\n\t\t\t\t\t<div class=\"elementor-column elementor-col-100 elementor-top-column elementor-element elementor-element-fba9a1b\" data-id=\"fba9a1b\" data-element_type=\"column\" data-e-type=\"column\">\n\t\t\t<div class=\"elementor-widget-wrap elementor-element-populated\">\n\t\t\t\t\t\t<div class=\"elementor-element elementor-element-57a5a41 elementor-widget elementor-widget-html\" data-id=\"57a5a41\" data-element_type=\"widget\" data-e-type=\"widget\" data-widget_type=\"html.default\">\n\t\t\t\t<div class=\"elementor-widget-container\">\n\t\t\t\t\t<div class=\"header-sec\">\n        <div class=\"container\">\n            <div id=\"breadcrumbs\" class=\"breadcrumbs fl-wrap \"><a class=\"breadcrumb-link breadcrumb-home\" href=\"http:\/\/easybook.cththemes.com\" title=\"Home\">Home<\/a><span class=\"breadcrumb-current breadcrumb-item-page-294\" title=\"Contact\">Contact<\/span><\/div>      \n         <\/div>\n    <\/div>\t\t\t\t<\/div>\n\t\t\t\t<\/div>\n\t\t\t\t\t<\/div>\n\t\t<\/div>\n\t\t\t\t\t<\/div>\n\t\t<\/section>\n\t\t\t\t<section class=\"elementor-section elementor-top-section elementor-element elementor-element-8501fa3 elementor-section-boxed elementor-section-height-default elementor-section-height-default\" data-id=\"8501fa3\" data-element_type=\"section\" data-e-type=\"section\" data-settings=\"{&quot;background_background&quot;:&quot;classic&quot;}\">\n\t\t\t\t\t\t<div class=\"elementor-container elementor-column-gap-default\">\n\t\t\t\t\t<div class=\"elementor-column elementor-col-100 elementor-top-column elementor-element elementor-element-3e28218\" data-id=\"3e28218\" data-element_type=\"column\" data-e-type=\"column\">\n\t\t\t<div class=\"elementor-widget-wrap elementor-element-populated\">\n\t\t\t\t\t\t<div class=\"elementor-element elementor-element-1bc5cb0 elementor-widget elementor-widget-section_titleleft\" data-id=\"1bc5cb0\" data-element_type=\"widget\" data-e-type=\"widget\" data-widget_type=\"section_titleleft.default\">\n\t\t\t\t<div class=\"elementor-widget-container\">\n\t\t\t\t\t        <div class=\"section-title-left fl-wrap\">\n            <h3>Nasz personel<\/h3> <span class=\"fw-separator\"><\/span>        <\/div>\n        \t\t\t\t<\/div>\n\t\t\t\t<\/div>\n\t\t\t\t<div class=\"elementor-element elementor-element-5f72f4e elementor-widget elementor-widget-text-editor\" data-id=\"5f72f4e\" data-element_type=\"widget\" data-e-type=\"widget\" data-widget_type=\"text-editor.default\">\n\t\t\t\t<div class=\"elementor-widget-container\">\n\t\t\t\t\t\t\t\t\t<p>Skontaktuj si\u0119 z nami, s\u0142u\u017cymy pomoc\u0105 24 godziny na dob\u0119, 7 dni w tygodniu.<\/p>\t\t\t\t\t\t\t\t<\/div>\n\t\t\t\t<\/div>\n\t\t\t\t<div class=\"elementor-element elementor-element-8023d21 elementor-widget elementor-widget-html\" data-id=\"8023d21\" data-element_type=\"widget\" data-e-type=\"widget\" data-widget_type=\"html.default\">\n\t\t\t\t<div class=\"elementor-widget-container\">\n\t\t\t\t\t<span class=\"fw-separator\"><\/span>\t\t\t\t<\/div>\n\t\t\t\t<\/div>\n\t\t\t\t<div class=\"elementor-element elementor-element-f29b929 elementor-widget elementor-widget-section_titleleft\" data-id=\"f29b929\" data-element_type=\"widget\" data-e-type=\"widget\" data-widget_type=\"section_titleleft.default\">\n\t\t\t\t<div class=\"elementor-widget-container\">\n\t\t\t\t\t        <div class=\"section-title-left fl-wrap\">\n            <h3>Nasz harmonogram<\/h3><span class=\"fw-separator\"><\/span>        <\/div>\n        \t\t\t\t<\/div>\n\t\t\t\t<\/div>\n\t\t\t\t<div class=\"elementor-element elementor-element-8b63147 elementor-widget elementor-widget-html\" data-id=\"8b63147\" data-element_type=\"widget\" data-e-type=\"widget\" data-widget_type=\"html.default\">\n\t\t\t\t<div class=\"elementor-widget-container\">\n\t\t\t\t\t<ul class=\"cat-item\">\n                                            <li><a href=\"#\">Poniedzia\u0142ek niedziela<\/a> <span>8a.m. - 12p.m.<\/span><\/li>\n                                           \n                                        <\/ul>\t\t\t\t<\/div>\n\t\t\t\t<\/div>\n\t\t\t\t\t<\/div>\n\t\t<\/div>\n\t\t\t\t\t<\/div>\n\t\t<\/section>\n\t\t\t\t<\/div>\n\t\t","protected":false},"excerpt":{"rendered":"<p>Skontaktuj si\u0119 z nami Adres: Grecja, Saloniki E-mail: obviousbookcom@gmail.com Strona internetowa: obviousbook.com\u00a0 HomeContact Nasz personel Skontaktuj si\u0119 z nami, s\u0142u\u017cymy pomoc\u0105 24 godziny na dob\u0119, 7 dni w tygodniu. Nasz harmonogram Poniedzia\u0142ek niedziela 8a.m. &#8211; 12p.m.<\/p>\n","protected":false},"author":157738212,"featured_media":0,"parent":0,"menu_order":0,"comment_status":"closed","ping_status":"closed","template":"home-page.php","meta":{"_starter_page_template":"","_wpcom_template_layout_category":[],"footnotes":""},"class_list":["post-147857","page","type-page","status-publish","hentry"],"yoast_head":"<!-- This site is optimized with the Yoast SEO plugin v27.4 - https:\/\/yoast.com\/product\/yoast-seo-wordpress\/ -->\n<title>Skontaktuj si\u0119 z nami -<\/title>\n<meta name=\"robots\" content=\"index, follow, max-snippet:-1, max-image-preview:large, max-video-preview:-1\" \/>\n<link rel=\"canonical\" href=\"https:\/\/obviousbook.com\/pl\/skontaktuj-sie-z-nami\/\" \/>\n<meta property=\"og:locale\" content=\"pl_PL\" \/>\n<meta property=\"og:type\" content=\"article\" \/>\n<meta property=\"og:title\" content=\"Skontaktuj si\u0119 z nami -\" \/>\n<meta property=\"og:description\" content=\"Skontaktuj si\u0119 z nami Adres: Grecja, Saloniki E-mail: obviousbookcom@gmail.com Strona internetowa: obviousbook.com\u00a0 HomeContact Nasz personel Skontaktuj si\u0119 z nami, s\u0142u\u017cymy pomoc\u0105 24 godziny na dob\u0119, 7 dni w tygodniu. Nasz harmonogram Poniedzia\u0142ek niedziela 8a.m. &#8211; 12p.m.\" \/>\n<meta property=\"og:url\" content=\"https:\/\/obviousbook.com\/pl\/skontaktuj-sie-z-nami\/\" \/>\n<meta property=\"article:publisher\" content=\"https:\/\/www.facebook.com\/obviousbookcom\" \/>\n<meta property=\"article:modified_time\" content=\"2021-04-11T13:35:43+00:00\" \/>\n<meta name=\"twitter:card\" content=\"summary_large_image\" \/>\n<meta name=\"twitter:site\" content=\"@theobviousbook\" \/>\n<meta name=\"twitter:label1\" content=\"Szacowany czas czytania\" \/>\n\t<meta name=\"twitter:data1\" content=\"1 minuta\" \/>\n<script type=\"application\/ld+json\" class=\"yoast-schema-graph\">{\"@context\":\"https:\\\/\\\/schema.org\",\"@graph\":[{\"@type\":\"WebPage\",\"@id\":\"https:\\\/\\\/obviousbook.com\\\/pl\\\/skontaktuj-sie-z-nami\\\/\",\"url\":\"https:\\\/\\\/obviousbook.com\\\/pl\\\/skontaktuj-sie-z-nami\\\/\",\"name\":\"Skontaktuj si\u0119 z nami -\",\"isPartOf\":{\"@id\":\"https:\\\/\\\/obviousbook.com\\\/#website\"},\"datePublished\":\"2021-04-11T13:27:11+00:00\",\"dateModified\":\"2021-04-11T13:35:43+00:00\",\"breadcrumb\":{\"@id\":\"https:\\\/\\\/obviousbook.com\\\/pl\\\/skontaktuj-sie-z-nami\\\/#breadcrumb\"},\"inLanguage\":\"pl-PL\",\"potentialAction\":[{\"@type\":\"ReadAction\",\"target\":[\"https:\\\/\\\/obviousbook.com\\\/pl\\\/skontaktuj-sie-z-nami\\\/\"]}]},{\"@type\":\"BreadcrumbList\",\"@id\":\"https:\\\/\\\/obviousbook.com\\\/pl\\\/skontaktuj-sie-z-nami\\\/#breadcrumb\",\"itemListElement\":[{\"@type\":\"ListItem\",\"position\":1,\"name\":\"Home\",\"item\":\"https:\\\/\\\/obviousbook.com\\\/pl\\\/\"},{\"@type\":\"ListItem\",\"position\":2,\"name\":\"Skontaktuj si\u0119 z nami\"}]},{\"@type\":\"WebSite\",\"@id\":\"https:\\\/\\\/obviousbook.com\\\/#website\",\"url\":\"https:\\\/\\\/obviousbook.com\\\/\",\"name\":\"\",\"description\":\"a travel agency\",\"publisher\":{\"@id\":\"https:\\\/\\\/obviousbook.com\\\/#organization\"},\"potentialAction\":[{\"@type\":\"SearchAction\",\"target\":{\"@type\":\"EntryPoint\",\"urlTemplate\":\"https:\\\/\\\/obviousbook.com\\\/?s={search_term_string}\"},\"query-input\":{\"@type\":\"PropertyValueSpecification\",\"valueRequired\":true,\"valueName\":\"search_term_string\"}}],\"inLanguage\":\"pl-PL\"},{\"@type\":\"Organization\",\"@id\":\"https:\\\/\\\/obviousbook.com\\\/#organization\",\"name\":\"Obvious book\",\"url\":\"https:\\\/\\\/obviousbook.com\\\/\",\"logo\":{\"@type\":\"ImageObject\",\"inLanguage\":\"pl-PL\",\"@id\":\"https:\\\/\\\/obviousbook.com\\\/#\\\/schema\\\/logo\\\/image\\\/\",\"url\":\"\",\"contentUrl\":\"\",\"caption\":\"Obvious book\"},\"image\":{\"@id\":\"https:\\\/\\\/obviousbook.com\\\/#\\\/schema\\\/logo\\\/image\\\/\"},\"sameAs\":[\"https:\\\/\\\/www.facebook.com\\\/obviousbookcom\",\"https:\\\/\\\/x.com\\\/theobviousbook\",\"https:\\\/\\\/www.instagram.com\\\/obviousbookcom\\\/\"]}]}<\/script>\n<!-- \/ Yoast SEO plugin. -->","yoast_head_json":{"title":"Skontaktuj si\u0119 z nami -","robots":{"index":"index","follow":"follow","max-snippet":"max-snippet:-1","max-image-preview":"max-image-preview:large","max-video-preview":"max-video-preview:-1"},"canonical":"https:\/\/obviousbook.com\/pl\/skontaktuj-sie-z-nami\/","og_locale":"pl_PL","og_type":"article","og_title":"Skontaktuj si\u0119 z nami -","og_description":"Skontaktuj si\u0119 z nami Adres: Grecja, Saloniki E-mail: obviousbookcom@gmail.com Strona internetowa: obviousbook.com\u00a0 HomeContact Nasz personel Skontaktuj si\u0119 z nami, s\u0142u\u017cymy pomoc\u0105 24 godziny na dob\u0119, 7 dni w tygodniu. Nasz harmonogram Poniedzia\u0142ek niedziela 8a.m. &#8211; 12p.m.","og_url":"https:\/\/obviousbook.com\/pl\/skontaktuj-sie-z-nami\/","article_publisher":"https:\/\/www.facebook.com\/obviousbookcom","article_modified_time":"2021-04-11T13:35:43+00:00","twitter_card":"summary_large_image","twitter_site":"@theobviousbook","twitter_misc":{"Szacowany czas czytania":"1 minuta"},"schema":{"@context":"https:\/\/schema.org","@graph":[{"@type":"WebPage","@id":"https:\/\/obviousbook.com\/pl\/skontaktuj-sie-z-nami\/","url":"https:\/\/obviousbook.com\/pl\/skontaktuj-sie-z-nami\/","name":"Skontaktuj si\u0119 z nami -","isPartOf":{"@id":"https:\/\/obviousbook.com\/#website"},"datePublished":"2021-04-11T13:27:11+00:00","dateModified":"2021-04-11T13:35:43+00:00","breadcrumb":{"@id":"https:\/\/obviousbook.com\/pl\/skontaktuj-sie-z-nami\/#breadcrumb"},"inLanguage":"pl-PL","potentialAction":[{"@type":"ReadAction","target":["https:\/\/obviousbook.com\/pl\/skontaktuj-sie-z-nami\/"]}]},{"@type":"BreadcrumbList","@id":"https:\/\/obviousbook.com\/pl\/skontaktuj-sie-z-nami\/#breadcrumb","itemListElement":[{"@type":"ListItem","position":1,"name":"Home","item":"https:\/\/obviousbook.com\/pl\/"},{"@type":"ListItem","position":2,"name":"Skontaktuj si\u0119 z nami"}]},{"@type":"WebSite","@id":"https:\/\/obviousbook.com\/#website","url":"https:\/\/obviousbook.com\/","name":"","description":"a travel agency","publisher":{"@id":"https:\/\/obviousbook.com\/#organization"},"potentialAction":[{"@type":"SearchAction","target":{"@type":"EntryPoint","urlTemplate":"https:\/\/obviousbook.com\/?s={search_term_string}"},"query-input":{"@type":"PropertyValueSpecification","valueRequired":true,"valueName":"search_term_string"}}],"inLanguage":"pl-PL"},{"@type":"Organization","@id":"https:\/\/obviousbook.com\/#organization","name":"Obvious book","url":"https:\/\/obviousbook.com\/","logo":{"@type":"ImageObject","inLanguage":"pl-PL","@id":"https:\/\/obviousbook.com\/#\/schema\/logo\/image\/","url":"","contentUrl":"","caption":"Obvious book"},"image":{"@id":"https:\/\/obviousbook.com\/#\/schema\/logo\/image\/"},"sameAs":["https:\/\/www.facebook.com\/obviousbookcom","https:\/\/x.com\/theobviousbook","https:\/\/www.instagram.com\/obviousbookcom\/"]}]}},"_links":{"self":[{"href":"https:\/\/obviousbook.com\/pl\/wp-json\/wp\/v2\/pages\/147857","targetHints":{"allow":["GET"]}}],"collection":[{"href":"https:\/\/obviousbook.com\/pl\/wp-json\/wp\/v2\/pages"}],"about":[{"href":"https:\/\/obviousbook.com\/pl\/wp-json\/wp\/v2\/types\/page"}],"author":[{"embeddable":true,"href":"https:\/\/obviousbook.com\/pl\/wp-json\/wp\/v2\/users\/157738212"}],"replies":[{"embeddable":true,"href":"https:\/\/obviousbook.com\/pl\/wp-json\/wp\/v2\/comments?post=147857"}],"version-history":[{"count":0,"href":"https:\/\/obviousbook.com\/pl\/wp-json\/wp\/v2\/pages\/147857\/revisions"}],"wp:attachment":[{"href":"https:\/\/obviousbook.com\/pl\/wp-json\/wp\/v2\/media?parent=147857"}],"curies":[{"name":"wp","href":"https:\/\/api.w.org\/{rel}","templated":true}]}}