{"id":154813,"date":"2021-04-21T13:39:47","date_gmt":"2021-04-21T10:39:47","guid":{"rendered":"https:\/\/obviousbook.com\/?page_id=154813"},"modified":"2021-06-05T17:33:29","modified_gmt":"2021-06-05T14:33:29","slug":"hotels","status":"publish","type":"page","link":"https:\/\/obviousbook.com\/pl\/hotels\/","title":{"rendered":"Hotele"},"content":{"rendered":"<p><html><body><\/p>\n<h1 style=\"text-align: center;\">Tanie hotele<\/h1>\n<p>Tanie hotele w Grecji z Ovivesbook Chcesz znale\u017a\u0107 najlepszy mo\u017cliwy wyb\u00f3r w hotelu i zawsze z jako\u015bci\u0105?<a href=\"https:\/\/obviousbook.com\">Ovievokoko<\/a>To tutaj dla ciebie!<a href=\"https:\/\/obviousbook.com\/\">Dosta\u0107 si\u0119 teraz<\/a>Noclegi z oczywist\u0105 ksi\u0105\u017ck\u0105 i zarezerwuj po\u017c\u0105dane zakwaterowanie! Tylko najlepsze hotele i najni\u017csze ceny w obudowabookcom  Czy zamierzasz sp\u0119dzi\u0107 wakacje w Grecji i chcia\u0142by\u015b, aby Twoje wakacje by\u0142y niezapomniane? Chcesz zarezerwowa\u0107 tanie pokoje, ale w najlepszym mo\u017cliwym wyborze Dla ka\u017cdego obudowyBook zapewnia tylko najlepsze mo\u017cliwe ceny we wszystkich rezerwacjach hotelu, kt\u00f3re dokonasz online  Przegl\u0105daj odnowion\u0105 platform\u0119 rezerwacyjn\u0105<a href=\"https:\/\/el.wikipedia.org\/wiki\/%CE%9E%CE%B5%CE%BD%CE%BF%CE%B4%CE%BF%CF%87%CE%B5%CE%AF%CE%BF\">hotel<\/a>Oczywista ksi\u0105\u017cka i szybko zamkn\u0105\u0107 hotel wybrany \u0142atwo Opcje s\u0105 niezliczone i niepowtarzalne miejsca docelowe! Nie czekaj, gdy tracisz nasze najnowsze oferty W tanich hotelach, zakwaterowanie, pokoje, aby wypu\u015bci\u0107 wyb\u00f3r teraz!<\/p>\n<p>Mo\u017cesz zlokalizowa\u0107 i zamkn\u0105\u0107 idealny hotel lub zakwaterowanie za po\u015brednictwem filtr\u00f3w lub kategorii, zawsze opartych na w\u0142asnych kryteri\u00f3w bezpo\u015brednio i bezpiecznie Ale aby Twoja strona by\u0142a \u0142atwiejsza do nawigacji na naszej stronie internetowej, stworzyli mapy, na kt\u00f3rych hotele i zakwaterowanie by\u0142y po\u017c\u0105dane dla Ciebie w Grecji Wi\u0119c nie b\u0119dziesz sp\u0119dza\u0107 czasu i znajdziesz go bezpo\u015brednio dla Ciebie idealny wyb\u00f3r Ponadto mo\u017cna znale\u017a\u0107 po\u017c\u0105dane zakwaterowanie bezpo\u015brednio w wyszukiwaniu na podstawie jego nazwy lub kategorii<\/p>\n<p>W obudowieBookcom zawsze b\u0119dziesz zarezerwowa\u0107 bezpiecznie i poufne bez trudno\u015bci Nasza platforma zosta\u0142a wykonana wy\u0142\u0105cznie dla ludzi takich jak ty, kt\u00f3rzy chc\u0105 szybko, \u0142atwo, w najlepszej mo\u017cliwej cenie<\/p>\n<p>Wszystko obej\u015bciacom mo\u017cna powiedzie\u0107, \u017ce \u015bwi\u0119ta w Grecji b\u0119d\u0105 fantastyczne, niezale\u017cnie od tego, czy pozostaniesz w Grecji, czy pochodzisz z zagranicy<\/p>\n<p>[Caption ID = \u201eAtachment_136622\u201d wyr\u00f3wna\u0107 = \u201eEglutCenter\u201d szeroko\u015b\u0107 = \u201e1024\u201d]<img fetchpriority=\"high\" decoding=\"async\" alt=\"\u039e\u03b5\u03bd\u03bf\u03b4\u03bf\u03c7\u03b5\u03af\u03bf.\u039e\u03b5\u03bd\u03bf\u03b4\u03bf\u03c7\u03b5\u03af\u03b1,\u039a\u03b1\u03c4\u03b1\u03bb\u03cd\u03bc\u03b1\u03c4\u03b1, \u039a\u03c1\u03b1\u03c4\u03ae\u03c3\u03b5\u03b9\u03c2 \u03be\u03b5\u03bd\u03bf\u03b4\u03bf\u03c7\u03b5\u03af\u03c9\u03bd \u03c3\u03c4\u03b7\u03bd \u0395\u03bb\u03bb\u03ac\u03b4\u03b1.\u0392\u03c1\u03b5\u03af\u03c4\u03b5 \u039e\u03b5\u03bd\u03bf\u03b4\u03bf\u03c7\u03b5\u03af\u03b1 \u03c3\u03c4\u03b7\u03bd \u0395\u03bb\u03bb\u03ac\u03b4\u03b1 .\u039a\u03ac\u03bd\u03c4\u03b5 \u0395\u03bd\u03bf\u03b9\u03ba\u03af\u03b1\u03c3\u03b7 \u03b4\u03c9\u03bc\u03b1\u03c4\u03af\u03bf\u03c5 online \u03ba\u03b1\u03b9 \u03c6\u03b8\u03b7\u03bd\u03ac.\u039a\u03ac\u03bd\u03c4\u03b5 \u03c4\u03ce\u03c1\u03b1 \u03ba\u03c1\u03ac\u03c4\u03b7\u03c3\u03b7 \u03c3\u03b5 ,\u039a\u03b1\u03c4\u03b1\u03bb\u03cd\u03bc\u03b1\u03c4\u03b1,\u039e\u03b5\u03bd\u03ce\u03bd\u03b5\u03c2,\u0395\u03bd\u03bf\u03b9\u03ba\u03b9\u03b1\u03b6\u03cc\u03bc\u03b5\u03bd\u03b1 \u03b4\u03c9\u03bc\u03ac\u03c4\u03b9\u03b1 \u03bc\u03ad\u03c3\u03c9 \u03c4\u03b7\u03c2 obviousbook.\u039c\u03bf\u03bd\u03b1\u03b4\u03b9\u03ba\u03ad\u03c2 \u03c4\u03b9\u03bc\u03ad\u03c2 \u03ba\u03b1\u03b9 \u03c0\u03c1\u03bf\u03c3\u03c6\u03bf\u03c1\u03ad\u03c2.\u039a\u03c1\u03b1\u03c4\u03ae\u03c3\u03b5\u03b9\u03c2 \u039e\u03b5\u03bd\u03bf\u03b4\u03bf\u03c7\u03b5\u03af\u03c9\u03bd,\u039e\u03b5\u03bd\u03bf\u03b4\u03bf\u03c7\u03b5\u03af\u03b1 \u0395\u03bb\u03bb\u03ac\u03b4\u03b1\" class=\"wp-image-336315 size-full\" height=\"684\" src=\"https:\/\/obviousbook.com\/wp-content\/uploads\/2020\/12\/\u039e\u03b5\u03bd\u03bf\u03b4\u03bf\u03c7\u03b5\u03af\u03b1-\u0395\u03bb\u03bb\u03ac\u03b4\u03b1-\u0395\u03bd\u03bf\u03b9\u03ba\u03af\u03b1\u03c3\u03b7-\u03b4\u03c9\u03bc\u03b1\u03c4\u03af\u03bf\u03c5-\u039a\u03c1\u03b1\u03c4\u03ae\u03c3\u03b5\u03b9\u03c2-\u03be\u03b5\u03bd\u03bf\u03b4\u03bf\u03c7\u03b5\u03af\u03c9\u03bd-\u039e\u03b5\u03bd\u03bf\u03b4\u03bf\u03c7\u03b5\u03af\u03b1-\u039a\u03b1\u03c4\u03b1\u03bb\u03cd\u03bc\u03b1\u03c4\u03b1.jpg\" width=\"1024\"\/>Zarezerwuj teraz na hotelach, zakwaterowaniu, pensjonatach, pokoje, aby pozwoli\u0107, studia przez obudow\u0105 Unikalne ceny i oferty we wszystkich rezerwacjach hotelu Pok\u00f3j Via OviousBookcom [\/ Capion]<\/body><\/html><\/p>\n","protected":false},"excerpt":{"rendered":"<p>Tanie hotele Tanie hotele w Grecji z Ovivesbook Chcesz znale\u017a\u0107 najlepszy mo\u017cliwy wyb\u00f3r w hotelu i zawsze z jako\u015bci\u0105?OvievokokoTo tutaj dla ciebie!Dosta\u0107 si\u0119 terazNoclegi z oczywist\u0105 ksi\u0105\u017ck\u0105 i zarezerwuj po\u017c\u0105dane zakwaterowanie! Tylko najlepsze hotele i najni\u017csze ceny w obudowabookcom Czy zamierzasz sp\u0119dzi\u0107 wakacje w Grecji i chcia\u0142by\u015b, aby Twoje wakacje by\u0142y niezapomniane? Chcesz zarezerwowa\u0107 tanie &hellip; <\/p>\n","protected":false},"author":157738212,"featured_media":0,"parent":0,"menu_order":0,"comment_status":"closed","ping_status":"closed","template":"","meta":{"_starter_page_template":"","_wpcom_template_layout_category":[],"footnotes":""},"class_list":["post-154813","page","type-page","status-publish","hentry"],"yoast_head":"<!-- This site is optimized with the Yoast SEO plugin v27.5 - https:\/\/yoast.com\/product\/yoast-seo-wordpress\/ -->\n<title>Tanie w Grecji - Warunki i zni\u017cki<\/title>\n<meta name=\"description\" content=\"Tanie hotele, Oferty we wszystkich pokojach, Grecja Zrobi\u0142em hotel z niesamowitymi zni\u017ckami przez obudow\u0119\" \/>\n<meta name=\"robots\" content=\"index, follow, max-snippet:-1, max-image-preview:large, max-video-preview:-1\" \/>\n<link rel=\"canonical\" href=\"https:\/\/obviousbook.com\/pl\/hotels\/\" \/>\n<meta property=\"og:locale\" content=\"pl_PL\" \/>\n<meta property=\"og:type\" content=\"article\" \/>\n<meta property=\"og:title\" content=\"Tanie w Grecji - Warunki i zni\u017cki\" \/>\n<meta property=\"og:description\" content=\"Tanie hotele, Oferty we wszystkich pokojach, Grecja Zrobi\u0142em hotel z niesamowitymi zni\u017ckami przez obudow\u0119\" \/>\n<meta property=\"og:url\" content=\"https:\/\/obviousbook.com\/pl\/hotels\/\" \/>\n<meta property=\"article:publisher\" content=\"https:\/\/www.facebook.com\/obviousbookcom\" \/>\n<meta property=\"article:modified_time\" content=\"2021-06-05T14:33:29+00:00\" \/>\n<meta property=\"og:image\" content=\"https:\/\/obviousbook.com\/wp-content\/uploads\/2021\/08\/\u039e\u03b5\u03bd\u03bf\u03b4\u03bf\u03c7\u03b5\u03af\u03b1-\u039a\u03c1\u03ac\u03c4\u03b7\u03c3\u03b5\u03b9\u03c2-\u039a\u03b1\u03c4\u03b1\u03bb\u03cd\u03bc\u03b1\u03c4\u03b1-\u0395\u03bb\u03bb\u03ac\u03b4\u03b1-\u0394\u03b9\u03b1\u03bc\u03bf\u03bd\u03ae-\u039e\u03b5\u03bd\u03ce\u03bd\u03b5\u03c2-\u03a3\u03c4\u03bf\u03cd\u03bd\u03c4\u03b9\u03bf-\u0394\u03c9\u03bc\u03ac\u03c4\u03b9\u03b1-\u0395\u03bd\u03bf\u03b9\u03ba\u03b9\u03ac\u03c3\u03b5\u03b9\u03c2-\u0394\u03b9\u03b1\u03bc\u03b5\u03c1\u03af\u03c3\u03bc\u03b1\u03c4\u03b1-BnB-\u0392\u03af\u03bb\u03b5\u03c2-2.jpg\" \/>\n\t<meta property=\"og:image:width\" content=\"1920\" \/>\n\t<meta property=\"og:image:height\" content=\"1277\" \/>\n\t<meta property=\"og:image:type\" content=\"image\/jpeg\" \/>\n<meta name=\"twitter:card\" content=\"summary_large_image\" \/>\n<meta name=\"twitter:site\" content=\"@theobviousbook\" \/>\n<meta name=\"twitter:label1\" content=\"Szacowany czas czytania\" \/>\n\t<meta name=\"twitter:data1\" content=\"2 minuty\" \/>\n<script type=\"application\/ld+json\" class=\"yoast-schema-graph\">{\"@context\":\"https:\\\/\\\/schema.org\",\"@graph\":[{\"@type\":\"WebPage\",\"@id\":\"https:\\\/\\\/obviousbook.com\\\/pl\\\/hotels\\\/\",\"url\":\"https:\\\/\\\/obviousbook.com\\\/pl\\\/hotels\\\/\",\"name\":\"Tanie w Grecji - Warunki i zni\u017cki\",\"isPartOf\":{\"@id\":\"https:\\\/\\\/obviousbook.com\\\/#website\"},\"datePublished\":\"2021-04-21T10:39:47+00:00\",\"dateModified\":\"2021-06-05T14:33:29+00:00\",\"description\":\"Tanie hotele, Oferty we wszystkich pokojach, Grecja Zrobi\u0142em hotel z niesamowitymi zni\u017ckami przez obudow\u0119\",\"breadcrumb\":{\"@id\":\"https:\\\/\\\/obviousbook.com\\\/pl\\\/hotels\\\/#breadcrumb\"},\"inLanguage\":\"pl-PL\",\"potentialAction\":[{\"@type\":\"ReadAction\",\"target\":[\"https:\\\/\\\/obviousbook.com\\\/pl\\\/hotels\\\/\"]}]},{\"@type\":\"BreadcrumbList\",\"@id\":\"https:\\\/\\\/obviousbook.com\\\/pl\\\/hotels\\\/#breadcrumb\",\"itemListElement\":[{\"@type\":\"ListItem\",\"position\":1,\"name\":\"Home\",\"item\":\"https:\\\/\\\/obviousbook.com\\\/pl\\\/\"},{\"@type\":\"ListItem\",\"position\":2,\"name\":\"Hotele\"}]},{\"@type\":\"WebSite\",\"@id\":\"https:\\\/\\\/obviousbook.com\\\/#website\",\"url\":\"https:\\\/\\\/obviousbook.com\\\/\",\"name\":\"\",\"description\":\"a travel agency\",\"publisher\":{\"@id\":\"https:\\\/\\\/obviousbook.com\\\/#organization\"},\"potentialAction\":[{\"@type\":\"SearchAction\",\"target\":{\"@type\":\"EntryPoint\",\"urlTemplate\":\"https:\\\/\\\/obviousbook.com\\\/?s={search_term_string}\"},\"query-input\":{\"@type\":\"PropertyValueSpecification\",\"valueRequired\":true,\"valueName\":\"search_term_string\"}}],\"inLanguage\":\"pl-PL\"},{\"@type\":\"Organization\",\"@id\":\"https:\\\/\\\/obviousbook.com\\\/#organization\",\"name\":\"Obvious book\",\"url\":\"https:\\\/\\\/obviousbook.com\\\/\",\"logo\":{\"@type\":\"ImageObject\",\"inLanguage\":\"pl-PL\",\"@id\":\"https:\\\/\\\/obviousbook.com\\\/#\\\/schema\\\/logo\\\/image\\\/\",\"url\":\"\",\"contentUrl\":\"\",\"caption\":\"Obvious book\"},\"image\":{\"@id\":\"https:\\\/\\\/obviousbook.com\\\/#\\\/schema\\\/logo\\\/image\\\/\"},\"sameAs\":[\"https:\\\/\\\/www.facebook.com\\\/obviousbookcom\",\"https:\\\/\\\/x.com\\\/theobviousbook\",\"https:\\\/\\\/www.instagram.com\\\/obviousbookcom\\\/\"]}]}<\/script>\n<!-- \/ Yoast SEO plugin. -->","yoast_head_json":{"title":"Tanie w Grecji - Warunki i zni\u017cki","description":"Tanie hotele, Oferty we wszystkich pokojach, Grecja Zrobi\u0142em hotel z niesamowitymi zni\u017ckami przez obudow\u0119","robots":{"index":"index","follow":"follow","max-snippet":"max-snippet:-1","max-image-preview":"max-image-preview:large","max-video-preview":"max-video-preview:-1"},"canonical":"https:\/\/obviousbook.com\/pl\/hotels\/","og_locale":"pl_PL","og_type":"article","og_title":"Tanie w Grecji - Warunki i zni\u017cki","og_description":"Tanie hotele, Oferty we wszystkich pokojach, Grecja Zrobi\u0142em hotel z niesamowitymi zni\u017ckami przez obudow\u0119","og_url":"https:\/\/obviousbook.com\/pl\/hotels\/","article_publisher":"https:\/\/www.facebook.com\/obviousbookcom","article_modified_time":"2021-06-05T14:33:29+00:00","og_image":[{"width":1920,"height":1277,"url":"https:\/\/obviousbook.com\/wp-content\/uploads\/2021\/08\/\u039e\u03b5\u03bd\u03bf\u03b4\u03bf\u03c7\u03b5\u03af\u03b1-\u039a\u03c1\u03ac\u03c4\u03b7\u03c3\u03b5\u03b9\u03c2-\u039a\u03b1\u03c4\u03b1\u03bb\u03cd\u03bc\u03b1\u03c4\u03b1-\u0395\u03bb\u03bb\u03ac\u03b4\u03b1-\u0394\u03b9\u03b1\u03bc\u03bf\u03bd\u03ae-\u039e\u03b5\u03bd\u03ce\u03bd\u03b5\u03c2-\u03a3\u03c4\u03bf\u03cd\u03bd\u03c4\u03b9\u03bf-\u0394\u03c9\u03bc\u03ac\u03c4\u03b9\u03b1-\u0395\u03bd\u03bf\u03b9\u03ba\u03b9\u03ac\u03c3\u03b5\u03b9\u03c2-\u0394\u03b9\u03b1\u03bc\u03b5\u03c1\u03af\u03c3\u03bc\u03b1\u03c4\u03b1-BnB-\u0392\u03af\u03bb\u03b5\u03c2-2.jpg","type":"image\/jpeg"}],"twitter_card":"summary_large_image","twitter_site":"@theobviousbook","twitter_misc":{"Szacowany czas czytania":"2 minuty"},"schema":{"@context":"https:\/\/schema.org","@graph":[{"@type":"WebPage","@id":"https:\/\/obviousbook.com\/pl\/hotels\/","url":"https:\/\/obviousbook.com\/pl\/hotels\/","name":"Tanie w Grecji - Warunki i zni\u017cki","isPartOf":{"@id":"https:\/\/obviousbook.com\/#website"},"datePublished":"2021-04-21T10:39:47+00:00","dateModified":"2021-06-05T14:33:29+00:00","description":"Tanie hotele, Oferty we wszystkich pokojach, Grecja Zrobi\u0142em hotel z niesamowitymi zni\u017ckami przez obudow\u0119","breadcrumb":{"@id":"https:\/\/obviousbook.com\/pl\/hotels\/#breadcrumb"},"inLanguage":"pl-PL","potentialAction":[{"@type":"ReadAction","target":["https:\/\/obviousbook.com\/pl\/hotels\/"]}]},{"@type":"BreadcrumbList","@id":"https:\/\/obviousbook.com\/pl\/hotels\/#breadcrumb","itemListElement":[{"@type":"ListItem","position":1,"name":"Home","item":"https:\/\/obviousbook.com\/pl\/"},{"@type":"ListItem","position":2,"name":"Hotele"}]},{"@type":"WebSite","@id":"https:\/\/obviousbook.com\/#website","url":"https:\/\/obviousbook.com\/","name":"","description":"a travel agency","publisher":{"@id":"https:\/\/obviousbook.com\/#organization"},"potentialAction":[{"@type":"SearchAction","target":{"@type":"EntryPoint","urlTemplate":"https:\/\/obviousbook.com\/?s={search_term_string}"},"query-input":{"@type":"PropertyValueSpecification","valueRequired":true,"valueName":"search_term_string"}}],"inLanguage":"pl-PL"},{"@type":"Organization","@id":"https:\/\/obviousbook.com\/#organization","name":"Obvious book","url":"https:\/\/obviousbook.com\/","logo":{"@type":"ImageObject","inLanguage":"pl-PL","@id":"https:\/\/obviousbook.com\/#\/schema\/logo\/image\/","url":"","contentUrl":"","caption":"Obvious book"},"image":{"@id":"https:\/\/obviousbook.com\/#\/schema\/logo\/image\/"},"sameAs":["https:\/\/www.facebook.com\/obviousbookcom","https:\/\/x.com\/theobviousbook","https:\/\/www.instagram.com\/obviousbookcom\/"]}]}},"_links":{"self":[{"href":"https:\/\/obviousbook.com\/pl\/wp-json\/wp\/v2\/pages\/154813","targetHints":{"allow":["GET"]}}],"collection":[{"href":"https:\/\/obviousbook.com\/pl\/wp-json\/wp\/v2\/pages"}],"about":[{"href":"https:\/\/obviousbook.com\/pl\/wp-json\/wp\/v2\/types\/page"}],"author":[{"embeddable":true,"href":"https:\/\/obviousbook.com\/pl\/wp-json\/wp\/v2\/users\/157738212"}],"replies":[{"embeddable":true,"href":"https:\/\/obviousbook.com\/pl\/wp-json\/wp\/v2\/comments?post=154813"}],"version-history":[{"count":0,"href":"https:\/\/obviousbook.com\/pl\/wp-json\/wp\/v2\/pages\/154813\/revisions"}],"wp:attachment":[{"href":"https:\/\/obviousbook.com\/pl\/wp-json\/wp\/v2\/media?parent=154813"}],"curies":[{"name":"wp","href":"https:\/\/api.w.org\/{rel}","templated":true}]}}