{"id":154839,"date":"2021-04-21T13:56:10","date_gmt":"2021-04-21T10:56:10","guid":{"rendered":"https:\/\/obviousbook.com\/?page_id=154839"},"modified":"2021-06-05T17:39:57","modified_gmt":"2021-06-05T14:39:57","slug":"billiga-hotell","status":"publish","type":"page","link":"https:\/\/obviousbook.com\/sv\/billiga-hotell\/","title":{"rendered":"Hotell"},"content":{"rendered":"<p><html><body><\/p>\n<h1 style=\"text-align: center;\">Billiga hotell<\/h1>\n<p>Billiga hotell i hela Grekland fr\u00e5n Tovabook Vill du hitta det b\u00e4sta m\u00f6jliga valet p\u00e5 ditt hotell och alltid med priskvalitet? Ser du o\u00e4ndliga timmar och du hittar inte hotellet du vill eller pris du vill ha det?<a href=\"https:\/\/obviousbook.com\">Ovievokoko<\/a>Det \u00e4r h\u00e4r f\u00f6r dig!<a href=\"https:\/\/obviousbook.com\/\">F\u00e5 nu<\/a>Boenden med uppenbar bok och boka \u00f6nskat boende! Endast de b\u00e4sta hotellen och de l\u00e4gsta priserna i Obviiousbookcom  Har du f\u00f6r avsikt att tillbringa din semester i Grekland och du vill ha din semester att vara of\u00f6rgl\u00f6mlig? Du vill boka billiga rum men p\u00e5 b\u00e4sta m\u00f6jliga val F\u00f6r endast den uppenbara boken ger du bara de b\u00e4sta priserna i alla hotellbokningar du kommer att g\u00f6ra online  Bl\u00e4ddra i den f\u00f6rnyade bokningsplattformen<a href=\"https:\/\/el.wikipedia.org\/wiki\/%CE%9E%CE%B5%CE%BD%CE%BF%CE%B4%CE%BF%CF%87%CE%B5%CE%AF%CE%BF\">hotell<\/a>Tydlig bok och st\u00e4ng hotellet enkelt och snabbt Alternativen \u00e4r otaliga och unika destinationer! V\u00e4nta inte n\u00e4r du f\u00f6rlorar v\u00e5ra senaste erbjudanden I billiga hotell, boende, rum att sl\u00e4ppa ditt val nu!<\/p>\n<p>Du kan hitta och st\u00e4nga det perfekta hotellet eller boende f\u00f6r dig via filtren eller kategorierna, alltid baserat p\u00e5 dina egna kriterier direkt och s\u00e4kert Men f\u00f6r att g\u00f6ra din webbplats l\u00e4ttare att navigera p\u00e5 v\u00e5r hemsida, skapade kartor p\u00e5 vilka hotell och boende har varit \u00f6nskv\u00e4rt f\u00f6r dig i Grekland S\u00e5 du kommer inte att spendera tid och du kommer att hitta den direkt det perfekta valet f\u00f6r dig Dessutom kan du hitta \u00f6nskat boende direkt i s\u00f6kningen baserat p\u00e5 namn eller kategori<\/p>\n<p>I Tovabookcom kommer du alltid att boka s\u00e4kert och konfidentiellt utan sv\u00e5righet V\u00e5r plattform gjordes uteslutande f\u00f6r personer som du vill g\u00f6ra det snabbt, enkelt, till b\u00e4sta m\u00f6jliga pris<\/p>\n<p>Allt tydligt bookcom kan vara s\u00e4kert att s\u00e4ga att helgdagar i Grekland kommer att vara fantastiskt, oavsett om du bor i Grekland eller kommer fr\u00e5n utlandet<\/p>\n<p>[Caption ID = \u201dAttachment_136622\u201d Justera = \u201dJustera\u201d Bredd = \u201d1024\u201d]<img fetchpriority=\"high\" decoding=\"async\" alt=\"\u039e\u03b5\u03bd\u03bf\u03b4\u03bf\u03c7\u03b5\u03af\u03bf.\u039e\u03b5\u03bd\u03bf\u03b4\u03bf\u03c7\u03b5\u03af\u03b1,\u039a\u03b1\u03c4\u03b1\u03bb\u03cd\u03bc\u03b1\u03c4\u03b1, \u039a\u03c1\u03b1\u03c4\u03ae\u03c3\u03b5\u03b9\u03c2 \u03be\u03b5\u03bd\u03bf\u03b4\u03bf\u03c7\u03b5\u03af\u03c9\u03bd \u03c3\u03c4\u03b7\u03bd \u0395\u03bb\u03bb\u03ac\u03b4\u03b1.\u0392\u03c1\u03b5\u03af\u03c4\u03b5 \u039e\u03b5\u03bd\u03bf\u03b4\u03bf\u03c7\u03b5\u03af\u03b1 \u03c3\u03c4\u03b7\u03bd \u0395\u03bb\u03bb\u03ac\u03b4\u03b1 .\u039a\u03ac\u03bd\u03c4\u03b5 \u0395\u03bd\u03bf\u03b9\u03ba\u03af\u03b1\u03c3\u03b7 \u03b4\u03c9\u03bc\u03b1\u03c4\u03af\u03bf\u03c5 online \u03ba\u03b1\u03b9 \u03c6\u03b8\u03b7\u03bd\u03ac.\u039a\u03ac\u03bd\u03c4\u03b5 \u03c4\u03ce\u03c1\u03b1 \u03ba\u03c1\u03ac\u03c4\u03b7\u03c3\u03b7 \u03c3\u03b5 ,\u039a\u03b1\u03c4\u03b1\u03bb\u03cd\u03bc\u03b1\u03c4\u03b1,\u039e\u03b5\u03bd\u03ce\u03bd\u03b5\u03c2,\u0395\u03bd\u03bf\u03b9\u03ba\u03b9\u03b1\u03b6\u03cc\u03bc\u03b5\u03bd\u03b1 \u03b4\u03c9\u03bc\u03ac\u03c4\u03b9\u03b1 \u03bc\u03ad\u03c3\u03c9 \u03c4\u03b7\u03c2 obviousbook.\u039c\u03bf\u03bd\u03b1\u03b4\u03b9\u03ba\u03ad\u03c2 \u03c4\u03b9\u03bc\u03ad\u03c2 \u03ba\u03b1\u03b9 \u03c0\u03c1\u03bf\u03c3\u03c6\u03bf\u03c1\u03ad\u03c2.\u039a\u03c1\u03b1\u03c4\u03ae\u03c3\u03b5\u03b9\u03c2 \u039e\u03b5\u03bd\u03bf\u03b4\u03bf\u03c7\u03b5\u03af\u03c9\u03bd,\u039e\u03b5\u03bd\u03bf\u03b4\u03bf\u03c7\u03b5\u03af\u03b1 \u0395\u03bb\u03bb\u03ac\u03b4\u03b1\" class=\"wp-image-336324 size-full\" height=\"684\" src=\"https:\/\/obviousbook.com\/wp-content\/uploads\/2020\/12\/\u039e\u03b5\u03bd\u03bf\u03b4\u03bf\u03c7\u03b5\u03af\u03b1-\u0395\u03bb\u03bb\u03ac\u03b4\u03b1-\u0395\u03bd\u03bf\u03b9\u03ba\u03af\u03b1\u03c3\u03b7-\u03b4\u03c9\u03bc\u03b1\u03c4\u03af\u03bf\u03c5-\u039a\u03c1\u03b1\u03c4\u03ae\u03c3\u03b5\u03b9\u03c2-\u03be\u03b5\u03bd\u03bf\u03b4\u03bf\u03c7\u03b5\u03af\u03c9\u03bd-\u039e\u03b5\u03bd\u03bf\u03b4\u03bf\u03c7\u03b5\u03af\u03b1-\u039a\u03b1\u03c4\u03b1\u03bb\u03cd\u03bc\u03b1\u03c4\u03b1.jpg\" width=\"1024\"\/>Boka nu p\u00e5 hotell, boende, pensionat, rum att hyra, studior genom klartbookcom Unika priser och erbjudanden i alla hotellbokningar Rum via OliteBookcom [\/ Caption]<\/body><\/html><\/p>\n","protected":false},"excerpt":{"rendered":"<p>Billiga hotell Billiga hotell i hela Grekland fr\u00e5n Tovabook Vill du hitta det b\u00e4sta m\u00f6jliga valet p\u00e5 ditt hotell och alltid med priskvalitet? Ser du o\u00e4ndliga timmar och du hittar inte hotellet du vill eller pris du vill ha det?OvievokokoDet \u00e4r h\u00e4r f\u00f6r dig!F\u00e5 nuBoenden med uppenbar bok och boka \u00f6nskat boende! Endast de b\u00e4sta &hellip; <\/p>\n","protected":false},"author":157738212,"featured_media":0,"parent":0,"menu_order":0,"comment_status":"closed","ping_status":"closed","template":"","meta":{"_starter_page_template":"","_wpcom_template_layout_category":[],"footnotes":""},"class_list":["post-154839","page","type-page","status-publish","hentry"],"yoast_head":"<!-- This site is optimized with the Yoast SEO plugin v27.5 - https:\/\/yoast.com\/product\/yoast-seo-wordpress\/ -->\n<title>Billiga %%%%% i Grekland - Villkor och rabatter<\/title>\n<meta name=\"description\" content=\"Billiga hotell, erbjudanden i alla rum, Grekland Gjorde ett hotell med fantastiska rabatter via OliteBookcom\" \/>\n<meta name=\"robots\" content=\"index, follow, max-snippet:-1, max-image-preview:large, max-video-preview:-1\" \/>\n<link rel=\"canonical\" href=\"https:\/\/obviousbook.com\/sv\/billiga-hotell\/\" \/>\n<meta property=\"og:locale\" content=\"sv_SE\" \/>\n<meta property=\"og:type\" content=\"article\" \/>\n<meta property=\"og:title\" content=\"Billiga %%%%% i Grekland - Villkor och rabatter\" \/>\n<meta property=\"og:description\" content=\"Billiga hotell, erbjudanden i alla rum, Grekland Gjorde ett hotell med fantastiska rabatter via OliteBookcom\" \/>\n<meta property=\"og:url\" content=\"https:\/\/obviousbook.com\/sv\/billiga-hotell\/\" \/>\n<meta property=\"article:publisher\" content=\"https:\/\/www.facebook.com\/obviousbookcom\" \/>\n<meta property=\"article:modified_time\" content=\"2021-06-05T14:39:57+00:00\" \/>\n<meta property=\"og:image\" content=\"https:\/\/obviousbook.com\/wp-content\/uploads\/2021\/08\/\u039e\u03b5\u03bd\u03bf\u03b4\u03bf\u03c7\u03b5\u03af\u03b1-\u039a\u03c1\u03ac\u03c4\u03b7\u03c3\u03b5\u03b9\u03c2-\u039a\u03b1\u03c4\u03b1\u03bb\u03cd\u03bc\u03b1\u03c4\u03b1-\u0395\u03bb\u03bb\u03ac\u03b4\u03b1-\u0394\u03b9\u03b1\u03bc\u03bf\u03bd\u03ae-\u039e\u03b5\u03bd\u03ce\u03bd\u03b5\u03c2-\u03a3\u03c4\u03bf\u03cd\u03bd\u03c4\u03b9\u03bf-\u0394\u03c9\u03bc\u03ac\u03c4\u03b9\u03b1-\u0395\u03bd\u03bf\u03b9\u03ba\u03b9\u03ac\u03c3\u03b5\u03b9\u03c2-\u0394\u03b9\u03b1\u03bc\u03b5\u03c1\u03af\u03c3\u03bc\u03b1\u03c4\u03b1-BnB-\u0392\u03af\u03bb\u03b5\u03c2-2.jpg\" \/>\n\t<meta property=\"og:image:width\" content=\"1920\" \/>\n\t<meta property=\"og:image:height\" content=\"1277\" \/>\n\t<meta property=\"og:image:type\" content=\"image\/jpeg\" \/>\n<meta name=\"twitter:card\" content=\"summary_large_image\" \/>\n<meta name=\"twitter:site\" content=\"@theobviousbook\" \/>\n<meta name=\"twitter:label1\" content=\"Ber\u00e4knad l\u00e4stid\" \/>\n\t<meta name=\"twitter:data1\" content=\"2 minuter\" \/>\n<script type=\"application\/ld+json\" class=\"yoast-schema-graph\">{\"@context\":\"https:\\\/\\\/schema.org\",\"@graph\":[{\"@type\":\"WebPage\",\"@id\":\"https:\\\/\\\/obviousbook.com\\\/sv\\\/billiga-hotell\\\/\",\"url\":\"https:\\\/\\\/obviousbook.com\\\/sv\\\/billiga-hotell\\\/\",\"name\":\"Billiga %%%%% i Grekland - Villkor och rabatter\",\"isPartOf\":{\"@id\":\"https:\\\/\\\/obviousbook.com\\\/#website\"},\"datePublished\":\"2021-04-21T10:56:10+00:00\",\"dateModified\":\"2021-06-05T14:39:57+00:00\",\"description\":\"Billiga hotell, erbjudanden i alla rum, Grekland Gjorde ett hotell med fantastiska rabatter via OliteBookcom\",\"breadcrumb\":{\"@id\":\"https:\\\/\\\/obviousbook.com\\\/sv\\\/billiga-hotell\\\/#breadcrumb\"},\"inLanguage\":\"sv-SE\",\"potentialAction\":[{\"@type\":\"ReadAction\",\"target\":[\"https:\\\/\\\/obviousbook.com\\\/sv\\\/billiga-hotell\\\/\"]}]},{\"@type\":\"BreadcrumbList\",\"@id\":\"https:\\\/\\\/obviousbook.com\\\/sv\\\/billiga-hotell\\\/#breadcrumb\",\"itemListElement\":[{\"@type\":\"ListItem\",\"position\":1,\"name\":\"Home\",\"item\":\"https:\\\/\\\/obviousbook.com\\\/\"},{\"@type\":\"ListItem\",\"position\":2,\"name\":\"Hotell\"}]},{\"@type\":\"WebSite\",\"@id\":\"https:\\\/\\\/obviousbook.com\\\/#website\",\"url\":\"https:\\\/\\\/obviousbook.com\\\/\",\"name\":\"\",\"description\":\"a travel agency\",\"publisher\":{\"@id\":\"https:\\\/\\\/obviousbook.com\\\/#organization\"},\"potentialAction\":[{\"@type\":\"SearchAction\",\"target\":{\"@type\":\"EntryPoint\",\"urlTemplate\":\"https:\\\/\\\/obviousbook.com\\\/?s={search_term_string}\"},\"query-input\":{\"@type\":\"PropertyValueSpecification\",\"valueRequired\":true,\"valueName\":\"search_term_string\"}}],\"inLanguage\":\"sv-SE\"},{\"@type\":\"Organization\",\"@id\":\"https:\\\/\\\/obviousbook.com\\\/#organization\",\"name\":\"Obvious book\",\"url\":\"https:\\\/\\\/obviousbook.com\\\/\",\"logo\":{\"@type\":\"ImageObject\",\"inLanguage\":\"sv-SE\",\"@id\":\"https:\\\/\\\/obviousbook.com\\\/#\\\/schema\\\/logo\\\/image\\\/\",\"url\":\"\",\"contentUrl\":\"\",\"caption\":\"Obvious book\"},\"image\":{\"@id\":\"https:\\\/\\\/obviousbook.com\\\/#\\\/schema\\\/logo\\\/image\\\/\"},\"sameAs\":[\"https:\\\/\\\/www.facebook.com\\\/obviousbookcom\",\"https:\\\/\\\/x.com\\\/theobviousbook\",\"https:\\\/\\\/www.instagram.com\\\/obviousbookcom\\\/\"]}]}<\/script>\n<!-- \/ Yoast SEO plugin. -->","yoast_head_json":{"title":"Billiga %%%%% i Grekland - Villkor och rabatter","description":"Billiga hotell, erbjudanden i alla rum, Grekland Gjorde ett hotell med fantastiska rabatter via OliteBookcom","robots":{"index":"index","follow":"follow","max-snippet":"max-snippet:-1","max-image-preview":"max-image-preview:large","max-video-preview":"max-video-preview:-1"},"canonical":"https:\/\/obviousbook.com\/sv\/billiga-hotell\/","og_locale":"sv_SE","og_type":"article","og_title":"Billiga %%%%% i Grekland - Villkor och rabatter","og_description":"Billiga hotell, erbjudanden i alla rum, Grekland Gjorde ett hotell med fantastiska rabatter via OliteBookcom","og_url":"https:\/\/obviousbook.com\/sv\/billiga-hotell\/","article_publisher":"https:\/\/www.facebook.com\/obviousbookcom","article_modified_time":"2021-06-05T14:39:57+00:00","og_image":[{"width":1920,"height":1277,"url":"https:\/\/obviousbook.com\/wp-content\/uploads\/2021\/08\/\u039e\u03b5\u03bd\u03bf\u03b4\u03bf\u03c7\u03b5\u03af\u03b1-\u039a\u03c1\u03ac\u03c4\u03b7\u03c3\u03b5\u03b9\u03c2-\u039a\u03b1\u03c4\u03b1\u03bb\u03cd\u03bc\u03b1\u03c4\u03b1-\u0395\u03bb\u03bb\u03ac\u03b4\u03b1-\u0394\u03b9\u03b1\u03bc\u03bf\u03bd\u03ae-\u039e\u03b5\u03bd\u03ce\u03bd\u03b5\u03c2-\u03a3\u03c4\u03bf\u03cd\u03bd\u03c4\u03b9\u03bf-\u0394\u03c9\u03bc\u03ac\u03c4\u03b9\u03b1-\u0395\u03bd\u03bf\u03b9\u03ba\u03b9\u03ac\u03c3\u03b5\u03b9\u03c2-\u0394\u03b9\u03b1\u03bc\u03b5\u03c1\u03af\u03c3\u03bc\u03b1\u03c4\u03b1-BnB-\u0392\u03af\u03bb\u03b5\u03c2-2.jpg","type":"image\/jpeg"}],"twitter_card":"summary_large_image","twitter_site":"@theobviousbook","twitter_misc":{"Ber\u00e4knad l\u00e4stid":"2 minuter"},"schema":{"@context":"https:\/\/schema.org","@graph":[{"@type":"WebPage","@id":"https:\/\/obviousbook.com\/sv\/billiga-hotell\/","url":"https:\/\/obviousbook.com\/sv\/billiga-hotell\/","name":"Billiga %%%%% i Grekland - Villkor och rabatter","isPartOf":{"@id":"https:\/\/obviousbook.com\/#website"},"datePublished":"2021-04-21T10:56:10+00:00","dateModified":"2021-06-05T14:39:57+00:00","description":"Billiga hotell, erbjudanden i alla rum, Grekland Gjorde ett hotell med fantastiska rabatter via OliteBookcom","breadcrumb":{"@id":"https:\/\/obviousbook.com\/sv\/billiga-hotell\/#breadcrumb"},"inLanguage":"sv-SE","potentialAction":[{"@type":"ReadAction","target":["https:\/\/obviousbook.com\/sv\/billiga-hotell\/"]}]},{"@type":"BreadcrumbList","@id":"https:\/\/obviousbook.com\/sv\/billiga-hotell\/#breadcrumb","itemListElement":[{"@type":"ListItem","position":1,"name":"Home","item":"https:\/\/obviousbook.com\/"},{"@type":"ListItem","position":2,"name":"Hotell"}]},{"@type":"WebSite","@id":"https:\/\/obviousbook.com\/#website","url":"https:\/\/obviousbook.com\/","name":"","description":"a travel agency","publisher":{"@id":"https:\/\/obviousbook.com\/#organization"},"potentialAction":[{"@type":"SearchAction","target":{"@type":"EntryPoint","urlTemplate":"https:\/\/obviousbook.com\/?s={search_term_string}"},"query-input":{"@type":"PropertyValueSpecification","valueRequired":true,"valueName":"search_term_string"}}],"inLanguage":"sv-SE"},{"@type":"Organization","@id":"https:\/\/obviousbook.com\/#organization","name":"Obvious book","url":"https:\/\/obviousbook.com\/","logo":{"@type":"ImageObject","inLanguage":"sv-SE","@id":"https:\/\/obviousbook.com\/#\/schema\/logo\/image\/","url":"","contentUrl":"","caption":"Obvious book"},"image":{"@id":"https:\/\/obviousbook.com\/#\/schema\/logo\/image\/"},"sameAs":["https:\/\/www.facebook.com\/obviousbookcom","https:\/\/x.com\/theobviousbook","https:\/\/www.instagram.com\/obviousbookcom\/"]}]}},"_links":{"self":[{"href":"https:\/\/obviousbook.com\/sv\/wp-json\/wp\/v2\/pages\/154839","targetHints":{"allow":["GET"]}}],"collection":[{"href":"https:\/\/obviousbook.com\/sv\/wp-json\/wp\/v2\/pages"}],"about":[{"href":"https:\/\/obviousbook.com\/sv\/wp-json\/wp\/v2\/types\/page"}],"author":[{"embeddable":true,"href":"https:\/\/obviousbook.com\/sv\/wp-json\/wp\/v2\/users\/157738212"}],"replies":[{"embeddable":true,"href":"https:\/\/obviousbook.com\/sv\/wp-json\/wp\/v2\/comments?post=154839"}],"version-history":[{"count":0,"href":"https:\/\/obviousbook.com\/sv\/wp-json\/wp\/v2\/pages\/154839\/revisions"}],"wp:attachment":[{"href":"https:\/\/obviousbook.com\/sv\/wp-json\/wp\/v2\/media?parent=154839"}],"curies":[{"name":"wp","href":"https:\/\/api.w.org\/{rel}","templated":true}]}}