{"id":483653,"date":"2021-08-23T17:57:46","date_gmt":"2021-08-23T14:57:46","guid":{"rendered":"https:\/\/obviousbook.com\/konaklama-kaniti\/"},"modified":"2021-08-23T17:57:47","modified_gmt":"2021-08-23T14:57:47","slug":"konaklama-kaniti","status":"publish","type":"page","link":"https:\/\/obviousbook.com\/tr\/konaklama-kaniti\/","title":{"rendered":"Konaklama kan\u0131t\u0131"},"content":{"rendered":"        <div class=\"breadcrumbs-fs fl-wrap\">\n            <div class=\"container\">\n                <div id=\"breadcrumbs\" class=\"breadcrumbs \"><a class=\"breadcrumb-link breadcrumb-home\" href=\"https:\/\/obviousbook.com\/tr\/\" title=\"Home\">Home<\/a><\/div>            <\/div>\n        <\/div>\n                    <section class=\"middle-padding gre y-blue-bg\">\n                <div class=\"container\">\n                                            <div class=\"list-main-wrap-title single-main-wrap-title fl-wrap\"> \n                            <h2>Your cart is empty<\/h2>\n                        <\/div>\n                                    <\/div>\n            <\/section>\n            <!-- section end -->\n\n        \n","protected":false},"excerpt":{"rendered":"","protected":false},"author":157738212,"featured_media":0,"parent":0,"menu_order":0,"comment_status":"closed","ping_status":"closed","template":"home-page.php","meta":{"_starter_page_template":"","_wpcom_template_layout_category":[],"footnotes":""},"class_list":["post-483653","page","type-page","status-publish","hentry"],"yoast_head":"<!-- This site is optimized with the Yoast SEO plugin v27.4 - https:\/\/yoast.com\/product\/yoast-seo-wordpress\/ -->\n<title>Konaklama kan\u0131t\u0131 - Otel, Konaklama, Otel Rezervasyonlar\u0131<\/title>\n<meta name=\"description\" content=\"Otel rezervasyonlar\u0131, oda kiralama Otelleri, pansiyonlar\u0131, Yunanistan&#039;daki odalar bulun Rezervasyon Otel \u00e7evrimi\u00e7i ve ucuz\" \/>\n<meta name=\"robots\" content=\"index, follow, max-snippet:-1, max-image-preview:large, max-video-preview:-1\" \/>\n<link rel=\"canonical\" href=\"https:\/\/obviousbook.com\/tr\/konaklama-kaniti\/\" \/>\n<meta property=\"og:locale\" content=\"tr_TR\" \/>\n<meta property=\"og:type\" content=\"article\" \/>\n<meta property=\"og:title\" content=\"Konaklama kan\u0131t\u0131 - Otel, Konaklama, Otel Rezervasyonlar\u0131\" \/>\n<meta property=\"og:description\" content=\"Otel rezervasyonlar\u0131, oda kiralama Otelleri, pansiyonlar\u0131, Yunanistan&#039;daki odalar bulun Rezervasyon Otel \u00e7evrimi\u00e7i ve ucuz\" \/>\n<meta property=\"og:url\" content=\"https:\/\/obviousbook.com\/tr\/konaklama-kaniti\/\" \/>\n<meta property=\"article:publisher\" content=\"https:\/\/www.facebook.com\/obviousbookcom\" \/>\n<meta property=\"article:modified_time\" content=\"2021-08-23T14:57:47+00:00\" \/>\n<meta name=\"twitter:card\" content=\"summary_large_image\" \/>\n<meta name=\"twitter:site\" content=\"@theobviousbook\" \/>\n<script type=\"application\/ld+json\" class=\"yoast-schema-graph\">{\"@context\":\"https:\\\/\\\/schema.org\",\"@graph\":[{\"@type\":\"WebPage\",\"@id\":\"https:\\\/\\\/obviousbook.com\\\/tr\\\/konaklama-kaniti\\\/\",\"url\":\"https:\\\/\\\/obviousbook.com\\\/tr\\\/konaklama-kaniti\\\/\",\"name\":\"Konaklama kan\u0131t\u0131 - Otel, Konaklama, Otel Rezervasyonlar\u0131\",\"isPartOf\":{\"@id\":\"https:\\\/\\\/obviousbook.com\\\/#website\"},\"datePublished\":\"2021-08-23T14:57:46+00:00\",\"dateModified\":\"2021-08-23T14:57:47+00:00\",\"description\":\"Otel rezervasyonlar\u0131, oda kiralama Otelleri, pansiyonlar\u0131, Yunanistan'daki odalar bulun Rezervasyon Otel \u00e7evrimi\u00e7i ve ucuz\",\"breadcrumb\":{\"@id\":\"https:\\\/\\\/obviousbook.com\\\/tr\\\/konaklama-kaniti\\\/#breadcrumb\"},\"inLanguage\":\"tr\",\"potentialAction\":[{\"@type\":\"ReadAction\",\"target\":[\"https:\\\/\\\/obviousbook.com\\\/tr\\\/konaklama-kaniti\\\/\"]}]},{\"@type\":\"BreadcrumbList\",\"@id\":\"https:\\\/\\\/obviousbook.com\\\/tr\\\/konaklama-kaniti\\\/#breadcrumb\",\"itemListElement\":[{\"@type\":\"ListItem\",\"position\":1,\"name\":\"Home\",\"item\":\"https:\\\/\\\/obviousbook.com\\\/tr\\\/\"},{\"@type\":\"ListItem\",\"position\":2,\"name\":\"Konaklama kan\u0131t\u0131\"}]},{\"@type\":\"WebSite\",\"@id\":\"https:\\\/\\\/obviousbook.com\\\/#website\",\"url\":\"https:\\\/\\\/obviousbook.com\\\/\",\"name\":\"\",\"description\":\"a travel agency\",\"publisher\":{\"@id\":\"https:\\\/\\\/obviousbook.com\\\/#organization\"},\"potentialAction\":[{\"@type\":\"SearchAction\",\"target\":{\"@type\":\"EntryPoint\",\"urlTemplate\":\"https:\\\/\\\/obviousbook.com\\\/?s={search_term_string}\"},\"query-input\":{\"@type\":\"PropertyValueSpecification\",\"valueRequired\":true,\"valueName\":\"search_term_string\"}}],\"inLanguage\":\"tr\"},{\"@type\":\"Organization\",\"@id\":\"https:\\\/\\\/obviousbook.com\\\/#organization\",\"name\":\"Obvious book\",\"url\":\"https:\\\/\\\/obviousbook.com\\\/\",\"logo\":{\"@type\":\"ImageObject\",\"inLanguage\":\"tr\",\"@id\":\"https:\\\/\\\/obviousbook.com\\\/#\\\/schema\\\/logo\\\/image\\\/\",\"url\":\"\",\"contentUrl\":\"\",\"caption\":\"Obvious book\"},\"image\":{\"@id\":\"https:\\\/\\\/obviousbook.com\\\/#\\\/schema\\\/logo\\\/image\\\/\"},\"sameAs\":[\"https:\\\/\\\/www.facebook.com\\\/obviousbookcom\",\"https:\\\/\\\/x.com\\\/theobviousbook\",\"https:\\\/\\\/www.instagram.com\\\/obviousbookcom\\\/\"]}]}<\/script>\n<!-- \/ Yoast SEO plugin. -->","yoast_head_json":{"title":"Konaklama kan\u0131t\u0131 - Otel, Konaklama, Otel Rezervasyonlar\u0131","description":"Otel rezervasyonlar\u0131, oda kiralama Otelleri, pansiyonlar\u0131, Yunanistan'daki odalar bulun Rezervasyon Otel \u00e7evrimi\u00e7i ve ucuz","robots":{"index":"index","follow":"follow","max-snippet":"max-snippet:-1","max-image-preview":"max-image-preview:large","max-video-preview":"max-video-preview:-1"},"canonical":"https:\/\/obviousbook.com\/tr\/konaklama-kaniti\/","og_locale":"tr_TR","og_type":"article","og_title":"Konaklama kan\u0131t\u0131 - Otel, Konaklama, Otel Rezervasyonlar\u0131","og_description":"Otel rezervasyonlar\u0131, oda kiralama Otelleri, pansiyonlar\u0131, Yunanistan'daki odalar bulun Rezervasyon Otel \u00e7evrimi\u00e7i ve ucuz","og_url":"https:\/\/obviousbook.com\/tr\/konaklama-kaniti\/","article_publisher":"https:\/\/www.facebook.com\/obviousbookcom","article_modified_time":"2021-08-23T14:57:47+00:00","twitter_card":"summary_large_image","twitter_site":"@theobviousbook","schema":{"@context":"https:\/\/schema.org","@graph":[{"@type":"WebPage","@id":"https:\/\/obviousbook.com\/tr\/konaklama-kaniti\/","url":"https:\/\/obviousbook.com\/tr\/konaklama-kaniti\/","name":"Konaklama kan\u0131t\u0131 - Otel, Konaklama, Otel Rezervasyonlar\u0131","isPartOf":{"@id":"https:\/\/obviousbook.com\/#website"},"datePublished":"2021-08-23T14:57:46+00:00","dateModified":"2021-08-23T14:57:47+00:00","description":"Otel rezervasyonlar\u0131, oda kiralama Otelleri, pansiyonlar\u0131, Yunanistan'daki odalar bulun Rezervasyon Otel \u00e7evrimi\u00e7i ve ucuz","breadcrumb":{"@id":"https:\/\/obviousbook.com\/tr\/konaklama-kaniti\/#breadcrumb"},"inLanguage":"tr","potentialAction":[{"@type":"ReadAction","target":["https:\/\/obviousbook.com\/tr\/konaklama-kaniti\/"]}]},{"@type":"BreadcrumbList","@id":"https:\/\/obviousbook.com\/tr\/konaklama-kaniti\/#breadcrumb","itemListElement":[{"@type":"ListItem","position":1,"name":"Home","item":"https:\/\/obviousbook.com\/tr\/"},{"@type":"ListItem","position":2,"name":"Konaklama kan\u0131t\u0131"}]},{"@type":"WebSite","@id":"https:\/\/obviousbook.com\/#website","url":"https:\/\/obviousbook.com\/","name":"","description":"a travel agency","publisher":{"@id":"https:\/\/obviousbook.com\/#organization"},"potentialAction":[{"@type":"SearchAction","target":{"@type":"EntryPoint","urlTemplate":"https:\/\/obviousbook.com\/?s={search_term_string}"},"query-input":{"@type":"PropertyValueSpecification","valueRequired":true,"valueName":"search_term_string"}}],"inLanguage":"tr"},{"@type":"Organization","@id":"https:\/\/obviousbook.com\/#organization","name":"Obvious book","url":"https:\/\/obviousbook.com\/","logo":{"@type":"ImageObject","inLanguage":"tr","@id":"https:\/\/obviousbook.com\/#\/schema\/logo\/image\/","url":"","contentUrl":"","caption":"Obvious book"},"image":{"@id":"https:\/\/obviousbook.com\/#\/schema\/logo\/image\/"},"sameAs":["https:\/\/www.facebook.com\/obviousbookcom","https:\/\/x.com\/theobviousbook","https:\/\/www.instagram.com\/obviousbookcom\/"]}]}},"_links":{"self":[{"href":"https:\/\/obviousbook.com\/tr\/wp-json\/wp\/v2\/pages\/483653","targetHints":{"allow":["GET"]}}],"collection":[{"href":"https:\/\/obviousbook.com\/tr\/wp-json\/wp\/v2\/pages"}],"about":[{"href":"https:\/\/obviousbook.com\/tr\/wp-json\/wp\/v2\/types\/page"}],"author":[{"embeddable":true,"href":"https:\/\/obviousbook.com\/tr\/wp-json\/wp\/v2\/users\/157738212"}],"replies":[{"embeddable":true,"href":"https:\/\/obviousbook.com\/tr\/wp-json\/wp\/v2\/comments?post=483653"}],"version-history":[{"count":0,"href":"https:\/\/obviousbook.com\/tr\/wp-json\/wp\/v2\/pages\/483653\/revisions"}],"wp:attachment":[{"href":"https:\/\/obviousbook.com\/tr\/wp-json\/wp\/v2\/media?parent=483653"}],"curies":[{"name":"wp","href":"https:\/\/api.w.org\/{rel}","templated":true}]}}